{"id":4837,"date":"2021-01-29T13:19:17","date_gmt":"2021-01-29T12:19:17","guid":{"rendered":"https:\/\/myroommate.es\/?page_id=4837"},"modified":"2021-01-29T13:47:48","modified_gmt":"2021-01-29T12:47:48","slug":"politica-de-privacidad","status":"publish","type":"page","link":"https:\/\/myroommate.es\/en\/politica-de-privacidad\/","title":{"rendered":"Pol\u00edtica de privacidad"},"content":{"rendered":"<div data-elementor-type=\"wp-page\" data-elementor-id=\"4837\" class=\"elementor elementor-4837\" data-elementor-settings=\"[]\">\n\t\t\t\t\t\t<div class=\"elementor-inner\">\n\t\t\t\t\t\t\t<div class=\"elementor-section-wrap\">\n\t\t\t\t\t\t\t<section class=\"elementor-section elementor-top-section elementor-element elementor-element-857a626 elementor-section-boxed elementor-section-height-default elementor-section-height-default\" data-id=\"857a626\" data-element_type=\"section\">\n\t\t\t\t\t\t<div class=\"elementor-container elementor-column-gap-default\">\n\t\t\t\t\t\t\t<div class=\"elementor-row\">\n\t\t\t\t\t<div class=\"elementor-column elementor-col-100 elementor-top-column elementor-element elementor-element-dcc825c\" data-id=\"dcc825c\" data-element_type=\"column\">\n\t\t\t<div class=\"elementor-column-wrap elementor-element-populated\">\n\t\t\t\t\t\t\t<div class=\"elementor-widget-wrap\">\n\t\t\t\t\t\t<div class=\"elementor-element elementor-element-1406d49 bddex-dual-header-content-align-center elementor-widget elementor-widget-bddex-dual-color-header\" data-id=\"1406d49\" data-element_type=\"widget\" data-widget_type=\"bddex-dual-color-header.default\">\n\t\t\t\t<div class=\"elementor-widget-container\">\n\t\t\t\t\t<div class=\"bddex-dual-header\">\r\n\t\t<h2 class=\"title\"><span class=\"lead\">POL\u00cdTICA DE PRIVACIDAD<\/span> <span>Y PROTECCI\u00d3N DE DATOS<\/span><\/h2>\r\n\t   <span class=\"subtext\"><\/span>\r\n\t   \t<\/div>\r\n\t\r\n\t\r\n\t\r\n\t\r\n\t\t\t<\/div>\n\t\t\t\t<\/div>\n\t\t\t\t\t\t<\/div>\n\t\t\t\t\t<\/div>\n\t\t<\/div>\n\t\t\t\t\t\t\t\t<\/div>\n\t\t\t\t\t<\/div>\n\t\t<\/section>\n\t\t\t\t<section class=\"elementor-section elementor-top-section elementor-element elementor-element-d5d779d elementor-section-boxed elementor-section-height-default elementor-section-height-default\" data-id=\"d5d779d\" data-element_type=\"section\">\n\t\t\t\t\t\t<div class=\"elementor-container elementor-column-gap-default\">\n\t\t\t\t\t\t\t<div class=\"elementor-row\">\n\t\t\t\t\t<div class=\"elementor-column elementor-col-100 elementor-top-column elementor-element elementor-element-9e8404e\" data-id=\"9e8404e\" data-element_type=\"column\">\n\t\t\t<div class=\"elementor-column-wrap elementor-element-populated\">\n\t\t\t\t\t\t\t<div class=\"elementor-widget-wrap\">\n\t\t\t\t\t\t<div class=\"elementor-element elementor-element-4f67ba0 elementor-widget elementor-widget-text-editor\" data-id=\"4f67ba0\" data-element_type=\"widget\" data-widget_type=\"text-editor.default\">\n\t\t\t\t<div class=\"elementor-widget-container\">\n\t\t\t\t\t<div class=\"elementor-text-editor elementor-clearfix\"><p><strong>ROOM HOUSE GROUP ALOJAMIENTO SL, hereinafter THE OWNER,<\/strong>\u00a0guarantees the protection and confidentiality of the personal data of users and clients that may be collected by browsing or contracting services through our site <strong>www.myroommate.es<\/strong><\/p><p>This Company guarantees compliance with current regulations regarding the protection of personal data, reflected in Organic Law 3\/2018, of December 5, on the Protection of Personal Data and the Guarantee of Digital Rights (LOPD GDD). It also complies with Regulation (EU) 2016\/679 of the European Parliament and of the Council of April 27, 2016 regarding the protection of natural persons (RGPD).<\/p><p>The use of the website implies the acceptance of this Privacy Policy as well as the conditions included in the Legal Notice.<\/p><h3 id=\"identidad-del-responsable\"><strong>Responsible identity<\/strong><\/h3><ul><li>Owner: ROOM HOUSE GROUP ALOJAMIENTO SL<\/li><li>NIF\/CIF: B88352612<\/li><li>Address\u00a0<span class=\"resaltar\">Calle Natividad 1, Alcal\u00e1 de Henares<\/span><\/li><li>Correo electr\u00f3nico: contacto@myroommate,es<\/li><li>Web site:\u00a0<span class=\"resaltar\">www.myroommate.es<\/span><\/li><\/ul><h3 id=\"principios-aplicados-en-el-tratamiento-de-datos\"><strong>Principles applied in data processing<\/strong><\/h3><p>In the processing of your personal data, the Holder will apply the following principles that comply with the requirements of the new European data protection regulation:<\/p><ul><li><strong>Principle of legality, loyalty and transparency:<\/strong>\u00a0The Owner will always require consent for the processing of your personal data, which may be for one or more specific purposes about which they will inform you in advance with absolute transparency.<\/li><li><strong>Data minimization principle:<\/strong>\u00a0The Owner will request only the data strictly necessary for the purpose or purposes that are requested.<\/li><li><strong>Principle of limitation of the conservation period:<\/strong>\u00a0The data will be kept for the time strictly necessary for the purpose or purposes of the treatment.<br \/>The Owner will inform you of the corresponding conservation period according to the purpose. In the case of subscriptions, the Holder will periodically review the lists and eliminate those inactive records for a considerable time.<\/li><li><strong>Principle of integrity and confidentiality:<\/strong>\u00a0Your data will be treated in such a way that its security, confidentiality and integrity is guaranteed. You should know that the Owner takes the necessary precautions to avoid unauthorized access or improper use of the data of its users by third parties.<\/li><\/ul><h3 id=\"obtencin-de-datos-personales\"><strong>Obtaining personal data<\/strong><\/h3><p>To browse www, myroommate.es, you do not need to provide any personal information. The cases in which you do provide your personal data are the following:<\/p><ul><li>By contacting through the contact forms or sending an email.<\/li><li>When making a comment on an article or page.<\/li><li>By registering for a subscription form or a newsletter that the Owner manages with MailChimp.<\/li><\/ul><h3 id=\"tus-derechos\"><strong>Your rights<\/strong><\/h3><p>The Owner informs you that regarding your personal data you have the right to:<\/p><ul><li>Request access to stored data.<\/li><li>Request a rectification or cancellation.<\/li><li>Request the limitation of your treatment.<\/li><li>Object to the treatment.<\/li><li>Request the portability of your data.<\/li><\/ul><p>The exercise of these rights is personal and therefore must be exercised directly by the interested party, requesting it directly from the Owner, which means that any client, subscriber or collaborator who has provided their data at any time can contact the Owner and request information about the data that you have stored and how you have obtained them, request their rectification, request the portability of your personal data, oppose the treatment, limit its use or request the cancellation of these data in the Holder's files.<\/p><p>To exercise your rights of access, rectification, cancellation, portability and opposition you have to send an email to\u00a0<strong><span class=\"resaltar\">contacto@myroommate.es<\/span><\/strong>\u00a0along with valid proof in law such as a photocopy of the I.D. or the equivalent.<\/p><p>You have the right to effective judicial protection and to file a claim with the supervisory authority, in this case, the Spanish Agency for Data Protection, if you consider that the processing of personal data that concerns you violates the Regulation.<\/p><h3 id=\"finalidad-del-tratamiento-de-datos-personales\"><strong>Purpose of the processing of personal data<\/strong><\/h3><p>When you connect to the website to send an email to the Owner, subscribe to their newsletter or make a contract, you are providing personal information for which the Owner is responsible. This information may include personal data such as your IP address, name and surname, physical address, email address, telephone number, and other information. By providing this information, you give your consent for your information to be collected, used, managed and stored by superadmin.es, only as described in the Legal Notice and in this Privacy Policy.<\/p><p>The personal data and the purpose of the treatment by the Holder is different according to the information capture system:<\/p><ul><li><strong>Contact forms:<\/strong>\u00a0The Owner requests personal data among which may be: Name and surname, email address, telephone number and address of your website in order to answer your questions.<br \/>For example, the Owner uses this data to respond to your messages, doubts, complaints, comments or concerns that you may have regarding the information included on the website, the services provided through the website, the treatment of your personal data, questions regarding the legal texts included in the website, as well as any other query you may have that is not subject to the conditions of the website or the contract.<\/li><li><strong>Content subscription forms:<\/strong>\u00a0The Owner requests the following personal information: Name and surname, email address, telephone number and address of your website to manage the list of subscriptions, send newsletters, promotions and special offers.<br \/>The data you provide to the Holder will be located on the servers of The Rocket Science Group LLC d \/ b \/ a, with address in the USA. (Mailchimp).<\/li><\/ul><p>There are other purposes for which the Holder processes your personal data:<\/p><ul><li>To guarantee compliance with the conditions contained in the Legal Notice and in the applicable law. This may include the development of tools and algorithms that help this website to ensure the confidentiality of the personal data it collects.<\/li><li>To support and improve the services offered by this website.<\/li><li>To analyze navigation. The Owner collects other non-identifying data that are obtained through the use of cookies that are downloaded to your computer when you browse the website, whose characteristics and purpose are detailed in the Cookies Policy.<\/li><li>To manage social networks. The Owner has a presence on social networks. If you become a follower on the Holder's social networks, the processing of personal data will be governed by this section, as well as by those conditions of use, privacy policies and access regulations that belong to the social network that is appropriate in each case and that you have previously accepted.<\/li><\/ul><p>The Owner will treat your personal data in order to correctly manage their presence on the social network, inform you of their activities, products or services, as well as for any other purpose that the regulations of social networks allow.<\/p><p>In no case will the Owner use the profiles of followers on social networks to send advertising individually.<\/p><h3 id=\"seguridad-de-los-datos-personales\"><strong>Personal data security<\/strong><\/h3><p>To protect your personal data, the Holder takes all reasonable precautions and follows the best practices in the industry to prevent their loss, misuse, improper access, disclosure, alteration or destruction of them.<\/p><p>The website is hosted on\u00a0<span class=\"resaltar\">IONOS<\/span>. The security of your data is guaranteed, since they take all the necessary security measures for it. You can check their privacy policy for more information.<\/p><h3 id=\"contenido-de-otros-sitios-web\"><strong>Content from other websites<\/strong><\/h3><p>The pages of this website may contain embedded content (for example, videos, images, articles, etc.). Embedded content from other websites behaves in exactly the same way as if you had visited the other website.<\/p><p>These websites may collect data about you, use cookies, embed an additional third-party tracking code, and monitor your interaction using this code.<\/p><h3 id=\"cambios-en-la-poltica-de-privacidad\"><strong>Changes to the Privacy Policy<\/strong><\/h3><p>The Owner reserves the right to modify this Privacy Policy to adapt it to new legislation or jurisprudence, as well as to industry practices.<\/p><p>These policies will be in force until they are modified by others duly published.<\/p><\/div>\n\t\t\t\t<\/div>\n\t\t\t\t<\/div>\n\t\t\t\t\t\t<\/div>\n\t\t\t\t\t<\/div>\n\t\t<\/div>\n\t\t\t\t\t\t\t\t<\/div>\n\t\t\t\t\t<\/div>\n\t\t<\/section>\n\t\t\t\t\t\t<\/div>\n\t\t\t\t\t\t<\/div>\n\t\t\t\t\t<\/div>","protected":false},"excerpt":{"rendered":"<p>POL\u00cdTICA DE PRIVACIDAD Y PROTECCI\u00d3N DE DATOS ROOM HOUSE GROUP ALOJAMIENTO SL, a continuaci\u00f3n EL TITULAR,\u00a0garantiza la protecci\u00f3n y confidencialidad de los datos personales de los usuarios y clientes que puedan ser recabados por la navegaci\u00f3n o contrataci\u00f3n de servicios a trav\u00e9s de nuestro sitio www.myroommate.es Esta Compa\u00f1\u00eda\u00a0 garantiza el cumplimiento de la normativa vigente.<\/p>","protected":false},"author":9,"featured_media":0,"parent":0,"menu_order":0,"comment_status":"closed","ping_status":"closed","template":"","meta":[],"yoast_head":"<!-- This site is optimized with the Yoast SEO plugin v15.9 - https:\/\/yoast.com\/wordpress\/plugins\/seo\/ -->\n<title>Pol\u00edtica de privacidad | My Room<\/title>\n<meta name=\"description\" content=\"Agencia de Alquiler de alojamientos en pisos compartidos para Estudiantes y j\u00f3venes profesionales.\" \/>\n<meta name=\"robots\" content=\"index, follow, max-snippet:-1, max-image-preview:large, max-video-preview:-1\" \/>\n<link rel=\"canonical\" href=\"https:\/\/myroommate.es\/en\/politica-de-privacidad\/\" \/>\n<meta property=\"og:locale\" content=\"en_US\" \/>\n<meta property=\"og:type\" content=\"article\" \/>\n<meta property=\"og:title\" content=\"Pol\u00edtica de privacidad | My Room\" \/>\n<meta property=\"og:description\" content=\"Agencia de Alquiler de alojamientos en pisos compartidos para Estudiantes y j\u00f3venes profesionales.\" \/>\n<meta property=\"og:url\" content=\"https:\/\/myroommate.es\/en\/politica-de-privacidad\/\" \/>\n<meta property=\"og:site_name\" content=\"My Room\" \/>\n<meta property=\"article:modified_time\" content=\"2021-01-29T12:47:48+00:00\" \/>\n<meta name=\"twitter:card\" content=\"summary_large_image\" \/>\n<meta name=\"twitter:label1\" content=\"Est. reading time\">\n\t<meta name=\"twitter:data1\" content=\"6 minutes\">\n<script type=\"application\/ld+json\" class=\"yoast-schema-graph\">{\"@context\":\"https:\/\/schema.org\",\"@graph\":[{\"@type\":\"Organization\",\"@id\":\"https:\/\/myroommate.es\/#organization\",\"name\":\"My room mate Madrid\",\"url\":\"https:\/\/myroommate.es\/\",\"sameAs\":[],\"logo\":{\"@type\":\"ImageObject\",\"@id\":\"https:\/\/myroommate.es\/#logo\",\"inLanguage\":\"en-US\",\"url\":\"https:\/\/myroommate.es\/wp-content\/uploads\/2019\/12\/Screen-Shot-2019-12-26-at-08.43.59.png\",\"width\":1520,\"height\":748,\"caption\":\"My room mate Madrid\"},\"image\":{\"@id\":\"https:\/\/myroommate.es\/#logo\"}},{\"@type\":\"WebSite\",\"@id\":\"https:\/\/myroommate.es\/#website\",\"url\":\"https:\/\/myroommate.es\/\",\"name\":\"My Room\",\"description\":\"Agencia Inmobiliaria especializada en alquiler de alojamientos en pisos compartidos para estudiantes y j\\u00f3venes profesionales.\",\"publisher\":{\"@id\":\"https:\/\/myroommate.es\/#organization\"},\"potentialAction\":[{\"@type\":\"SearchAction\",\"target\":\"https:\/\/myroommate.es\/?s={search_term_string}\",\"query-input\":\"required name=search_term_string\"}],\"inLanguage\":\"en-US\"},{\"@type\":\"WebPage\",\"@id\":\"https:\/\/myroommate.es\/politica-de-privacidad\/#webpage\",\"url\":\"https:\/\/myroommate.es\/politica-de-privacidad\/\",\"name\":\"Pol\\u00edtica de privacidad | My Room\",\"isPartOf\":{\"@id\":\"https:\/\/myroommate.es\/#website\"},\"datePublished\":\"2021-01-29T12:19:17+00:00\",\"dateModified\":\"2021-01-29T12:47:48+00:00\",\"description\":\"Agencia de Alquiler de alojamientos en pisos compartidos para Estudiantes y j\\u00f3venes profesionales.\",\"breadcrumb\":{\"@id\":\"https:\/\/myroommate.es\/politica-de-privacidad\/#breadcrumb\"},\"inLanguage\":\"en-US\",\"potentialAction\":[{\"@type\":\"ReadAction\",\"target\":[\"https:\/\/myroommate.es\/politica-de-privacidad\/\"]}]},{\"@type\":\"BreadcrumbList\",\"@id\":\"https:\/\/myroommate.es\/politica-de-privacidad\/#breadcrumb\",\"itemListElement\":[{\"@type\":\"ListItem\",\"position\":1,\"item\":{\"@type\":\"WebPage\",\"@id\":\"https:\/\/myroommate.es\/es_es\/\",\"url\":\"https:\/\/myroommate.es\/es_es\/\",\"name\":\"Portada\"}},{\"@type\":\"ListItem\",\"position\":2,\"item\":{\"@type\":\"WebPage\",\"@id\":\"https:\/\/myroommate.es\/politica-de-privacidad\/\",\"url\":\"https:\/\/myroommate.es\/politica-de-privacidad\/\",\"name\":\"Pol\\u00edtica de privacidad\"}}]}]}<\/script>\n<!-- \/ Yoast SEO plugin. -->","_links":{"self":[{"href":"https:\/\/myroommate.es\/en\/wp-json\/wp\/v2\/pages\/4837"}],"collection":[{"href":"https:\/\/myroommate.es\/en\/wp-json\/wp\/v2\/pages"}],"about":[{"href":"https:\/\/myroommate.es\/en\/wp-json\/wp\/v2\/types\/page"}],"author":[{"embeddable":true,"href":"https:\/\/myroommate.es\/en\/wp-json\/wp\/v2\/users\/9"}],"replies":[{"embeddable":true,"href":"https:\/\/myroommate.es\/en\/wp-json\/wp\/v2\/comments?post=4837"}],"version-history":[{"count":16,"href":"https:\/\/myroommate.es\/en\/wp-json\/wp\/v2\/pages\/4837\/revisions"}],"predecessor-version":[{"id":4860,"href":"https:\/\/myroommate.es\/en\/wp-json\/wp\/v2\/pages\/4837\/revisions\/4860"}],"wp:attachment":[{"href":"https:\/\/myroommate.es\/en\/wp-json\/wp\/v2\/media?parent=4837"}],"curies":[{"name":"wp","href":"https:\/\/api.w.org\/{rel}","templated":true}]}}