{"id":4868,"date":"2021-01-29T14:31:17","date_gmt":"2021-01-29T13:31:17","guid":{"rendered":"https:\/\/myroommate.es\/?page_id=4868"},"modified":"2021-02-10T13:24:40","modified_gmt":"2021-02-10T12:24:40","slug":"terminos-y-condiciones","status":"publish","type":"page","link":"https:\/\/myroommate.es\/en\/terminos-y-condiciones\/","title":{"rendered":"T\u00e9rminos y condiciones"},"content":{"rendered":"<div data-elementor-type=\"wp-page\" data-elementor-id=\"4868\" class=\"elementor elementor-4868\" data-elementor-settings=\"[]\">\n\t\t\t\t\t\t<div class=\"elementor-inner\">\n\t\t\t\t\t\t\t<div class=\"elementor-section-wrap\">\n\t\t\t\t\t\t\t<section class=\"elementor-section elementor-top-section elementor-element elementor-element-d439280 elementor-section-boxed elementor-section-height-default elementor-section-height-default\" data-id=\"d439280\" data-element_type=\"section\">\n\t\t\t\t\t\t<div class=\"elementor-container elementor-column-gap-default\">\n\t\t\t\t\t\t\t<div class=\"elementor-row\">\n\t\t\t\t\t<div class=\"elementor-column elementor-col-100 elementor-top-column elementor-element elementor-element-819f2f0\" data-id=\"819f2f0\" data-element_type=\"column\">\n\t\t\t<div class=\"elementor-column-wrap elementor-element-populated\">\n\t\t\t\t\t\t\t<div class=\"elementor-widget-wrap\">\n\t\t\t\t\t\t<div class=\"elementor-element elementor-element-97d7a38 bddex-dual-header-content-align-center elementor-widget elementor-widget-bddex-dual-color-header\" data-id=\"97d7a38\" data-element_type=\"widget\" data-widget_type=\"bddex-dual-color-header.default\">\n\t\t\t\t<div class=\"elementor-widget-container\">\n\t\t\t\t\t<div class=\"bddex-dual-header\">\r\n\t\t<h2 class=\"title\"><span class=\"lead\">T\u00c9RMINOS Y<\/span> <span>Terms and Conditions<\/span><\/h2>\r\n\t   <span class=\"subtext\"><\/span>\r\n\t   \t<\/div>\r\n\t\r\n\t\r\n\t\r\n\t\r\n\t\t\t<\/div>\n\t\t\t\t<\/div>\n\t\t\t\t\t\t<\/div>\n\t\t\t\t\t<\/div>\n\t\t<\/div>\n\t\t\t\t\t\t\t\t<\/div>\n\t\t\t\t\t<\/div>\n\t\t<\/section>\n\t\t\t\t<section class=\"elementor-section elementor-top-section elementor-element elementor-element-ab6c738 elementor-section-boxed elementor-section-height-default elementor-section-height-default\" data-id=\"ab6c738\" data-element_type=\"section\">\n\t\t\t\t\t\t<div class=\"elementor-container elementor-column-gap-default\">\n\t\t\t\t\t\t\t<div class=\"elementor-row\">\n\t\t\t\t\t<div class=\"elementor-column elementor-col-100 elementor-top-column elementor-element elementor-element-8f6c4fd\" data-id=\"8f6c4fd\" data-element_type=\"column\">\n\t\t\t<div class=\"elementor-column-wrap elementor-element-populated\">\n\t\t\t\t\t\t\t<div class=\"elementor-widget-wrap\">\n\t\t\t\t\t\t<div class=\"elementor-element elementor-element-60caf88 elementor-widget elementor-widget-text-editor\" data-id=\"60caf88\" data-element_type=\"widget\" data-widget_type=\"text-editor.default\">\n\t\t\t\t<div class=\"elementor-widget-container\">\n\t\t\t\t\t<div class=\"elementor-text-editor elementor-clearfix\"><p>This contract describes the general terms and conditions applicable to the use of the content, products and services offered through the site <strong>www.myroommate.es<\/strong>, of which<strong> ROOM HOUSE GROUP ALOJAMIENTO SL. is the owner.\u00a0<\/strong><\/p><h3><strong>RELEVANT INFORMATION<\/strong><\/h3><p>It is a necessary requirement for the acquisition of the products offered on this site, that you read and accept the following Terms and Conditions that are written below. The use of our services as well as the purchase of our products will imply that you have read and accepted the Terms and Conditions of Use in this document. Some of the products offered on our website could be created, charged for, sent or presented by a third-party website and in such case they would be subject to their own Terms and Conditions. In some cases, to purchase a product, the user will need to register, with the entry of reliable personal data and definition of a password.<\/p><p>The user can choose and change the password for his account administration access at any time, if he has registered and that is necessary for the purchase of any of our products, <strong>My Room<\/strong> does not assume responsibility in the event that you give said key to third parties.<\/p><p>All purchases and transactions that are carried out through this website are subject to a confirmation and verification process, which could include verification of stock and product availability, validation of the payment method, validation of the invoice (if any) and compliance with the conditions required by the selected means of payment. In some cases, verification via email may be required.<\/p><p>The prices of the products offered on this website are valid only for purchases made on this website.<\/p><h3><strong>LICENSE<\/strong><\/h3><p>ROOM HOUSE GROUP ALOJAMIENTO SL through its website grants permission for users to use the products that are sold on this website in accordance with the Terms and Conditions described in this document.<\/p><h3><strong>INTELLECTUAL AND INDUSTRIAL PROPERTY<\/strong><\/h3><p><span style=\"font-weight: 400;\">Are property of <strong>My Room<\/strong>, all the rights of exploitation of industrial and intellectual property of the web and the Services, as well as the contents it houses, including, by way of example and not limitation, the Website itself, texts, photographs or illustrations, logos, brands , graphics, designs, interfaces. Any use of the website or its contents must be exclusively private.<\/span><\/p><p><span style=\"font-weight: 400;\">It is reserved exclusively for<strong> Room House Group Alojamientos S.L<\/strong>, any other use that involves the copying, reproduction, distribution, transformation, public communication or any other similar action, of all or part of the contents of the web, so that no user may carry out these actions without prior authorization and written <strong>My Room.<\/strong><\/span><\/p><h3><strong>APPLICABLE LAW AND JURISDICTION<\/strong><\/h3><p><strong>ROOM HOUSE GROUP ALOJAMIENTO SL.<\/strong> reserves the right to file legal actions (civil or criminal) that it deems necessary for the improper use of this website, its contents, its products or services, or for the breach of these TERMS AND CONDITIONS.\u00a0<\/p><p>In relation between the USER and THE HOLDER, it will be governed by current legislation in Spain and the European Union. Should any inconvenience arise in relation to the interpretation of these TERMS AND CONDITIONS, the parties will submit to the relevant jurisdiction that corresponds according to law.\u00a0<\/p><\/div>\n\t\t\t\t<\/div>\n\t\t\t\t<\/div>\n\t\t\t\t\t\t<\/div>\n\t\t\t\t\t<\/div>\n\t\t<\/div>\n\t\t\t\t\t\t\t\t<\/div>\n\t\t\t\t\t<\/div>\n\t\t<\/section>\n\t\t\t\t\t\t<\/div>\n\t\t\t\t\t\t<\/div>\n\t\t\t\t\t<\/div>","protected":false},"excerpt":{"rendered":"<p>T\u00c9RMINOS Y CONDICIONES Este contrato describe los t\u00e9rminos y condiciones generales aplicables al uso de los contenidos, productos y servicios ofrecidos a trav\u00e9s del sitio www.myroommate.es, del cual es titular ROOM HOUSE GROUP ALOJAMIENTO SL.\u00a0 INFORMACI\u00d3N RELEVANTE Es requisito necesario para la adquisici\u00f3n de los productos que se ofrecen en este sitio, que lea y.<\/p>","protected":false},"author":9,"featured_media":0,"parent":0,"menu_order":0,"comment_status":"closed","ping_status":"closed","template":"","meta":[],"yoast_head":"<!-- This site is optimized with the Yoast SEO plugin v15.9 - https:\/\/yoast.com\/wordpress\/plugins\/seo\/ -->\n<title>T\u00e9rminos y condiciones | My Room<\/title>\n<meta name=\"description\" content=\"Agencia de Alquiler de alojamientos en pisos compartidos para Estudiantes y j\u00f3venes profesionales.\" \/>\n<meta name=\"robots\" content=\"index, follow, max-snippet:-1, max-image-preview:large, max-video-preview:-1\" \/>\n<link rel=\"canonical\" href=\"https:\/\/myroommate.es\/en\/terminos-y-condiciones\/\" \/>\n<meta property=\"og:locale\" content=\"en_US\" \/>\n<meta property=\"og:type\" content=\"article\" \/>\n<meta property=\"og:title\" content=\"T\u00e9rminos y condiciones | My Room\" \/>\n<meta property=\"og:description\" content=\"Agencia de Alquiler de alojamientos en pisos compartidos para Estudiantes y j\u00f3venes profesionales.\" \/>\n<meta property=\"og:url\" content=\"https:\/\/myroommate.es\/en\/terminos-y-condiciones\/\" \/>\n<meta property=\"og:site_name\" content=\"My Room\" \/>\n<meta property=\"article:modified_time\" content=\"2021-02-10T12:24:40+00:00\" \/>\n<meta name=\"twitter:card\" content=\"summary_large_image\" \/>\n<meta name=\"twitter:label1\" content=\"Est. reading time\">\n\t<meta name=\"twitter:data1\" content=\"3 minutes\">\n<script type=\"application\/ld+json\" class=\"yoast-schema-graph\">{\"@context\":\"https:\/\/schema.org\",\"@graph\":[{\"@type\":\"Organization\",\"@id\":\"https:\/\/myroommate.es\/#organization\",\"name\":\"My room mate Madrid\",\"url\":\"https:\/\/myroommate.es\/\",\"sameAs\":[],\"logo\":{\"@type\":\"ImageObject\",\"@id\":\"https:\/\/myroommate.es\/#logo\",\"inLanguage\":\"en-US\",\"url\":\"https:\/\/myroommate.es\/wp-content\/uploads\/2019\/12\/Screen-Shot-2019-12-26-at-08.43.59.png\",\"width\":1520,\"height\":748,\"caption\":\"My room mate Madrid\"},\"image\":{\"@id\":\"https:\/\/myroommate.es\/#logo\"}},{\"@type\":\"WebSite\",\"@id\":\"https:\/\/myroommate.es\/#website\",\"url\":\"https:\/\/myroommate.es\/\",\"name\":\"My Room\",\"description\":\"Agencia Inmobiliaria especializada en alquiler de alojamientos en pisos compartidos para estudiantes y j\\u00f3venes profesionales.\",\"publisher\":{\"@id\":\"https:\/\/myroommate.es\/#organization\"},\"potentialAction\":[{\"@type\":\"SearchAction\",\"target\":\"https:\/\/myroommate.es\/?s={search_term_string}\",\"query-input\":\"required name=search_term_string\"}],\"inLanguage\":\"en-US\"},{\"@type\":\"WebPage\",\"@id\":\"https:\/\/myroommate.es\/terminos-y-condiciones\/#webpage\",\"url\":\"https:\/\/myroommate.es\/terminos-y-condiciones\/\",\"name\":\"T\\u00e9rminos y condiciones | My Room\",\"isPartOf\":{\"@id\":\"https:\/\/myroommate.es\/#website\"},\"datePublished\":\"2021-01-29T13:31:17+00:00\",\"dateModified\":\"2021-02-10T12:24:40+00:00\",\"description\":\"Agencia de Alquiler de alojamientos en pisos compartidos para Estudiantes y j\\u00f3venes profesionales.\",\"breadcrumb\":{\"@id\":\"https:\/\/myroommate.es\/terminos-y-condiciones\/#breadcrumb\"},\"inLanguage\":\"en-US\",\"potentialAction\":[{\"@type\":\"ReadAction\",\"target\":[\"https:\/\/myroommate.es\/terminos-y-condiciones\/\"]}]},{\"@type\":\"BreadcrumbList\",\"@id\":\"https:\/\/myroommate.es\/terminos-y-condiciones\/#breadcrumb\",\"itemListElement\":[{\"@type\":\"ListItem\",\"position\":1,\"item\":{\"@type\":\"WebPage\",\"@id\":\"https:\/\/myroommate.es\/es_es\/\",\"url\":\"https:\/\/myroommate.es\/es_es\/\",\"name\":\"Portada\"}},{\"@type\":\"ListItem\",\"position\":2,\"item\":{\"@type\":\"WebPage\",\"@id\":\"https:\/\/myroommate.es\/terminos-y-condiciones\/\",\"url\":\"https:\/\/myroommate.es\/terminos-y-condiciones\/\",\"name\":\"T\\u00e9rminos y condiciones\"}}]}]}<\/script>\n<!-- \/ Yoast SEO plugin. -->","_links":{"self":[{"href":"https:\/\/myroommate.es\/en\/wp-json\/wp\/v2\/pages\/4868"}],"collection":[{"href":"https:\/\/myroommate.es\/en\/wp-json\/wp\/v2\/pages"}],"about":[{"href":"https:\/\/myroommate.es\/en\/wp-json\/wp\/v2\/types\/page"}],"author":[{"embeddable":true,"href":"https:\/\/myroommate.es\/en\/wp-json\/wp\/v2\/users\/9"}],"replies":[{"embeddable":true,"href":"https:\/\/myroommate.es\/en\/wp-json\/wp\/v2\/comments?post=4868"}],"version-history":[{"count":7,"href":"https:\/\/myroommate.es\/en\/wp-json\/wp\/v2\/pages\/4868\/revisions"}],"predecessor-version":[{"id":4989,"href":"https:\/\/myroommate.es\/en\/wp-json\/wp\/v2\/pages\/4868\/revisions\/4989"}],"wp:attachment":[{"href":"https:\/\/myroommate.es\/en\/wp-json\/wp\/v2\/media?parent=4868"}],"curies":[{"name":"wp","href":"https:\/\/api.w.org\/{rel}","templated":true}]}}