{"id":5676,"date":"2021-09-30T09:49:34","date_gmt":"2021-09-30T07:49:34","guid":{"rendered":"https:\/\/myroommate.es\/?post_type=product&#038;p=5676"},"modified":"2021-09-30T12:23:49","modified_gmt":"2021-09-30T10:23:49","slug":"habitacion-en-alcala-de-henares-centro-310e-mes-mur17ch1","status":"publish","type":"product","link":"https:\/\/myroommate.es\/en\/rooms\/habitacion-en-alcala-de-henares-centro-310e-mes-mur17ch1\/","title":{"rendered":"Habitaci\u00f3n en Alcal\u00e1 de Henares (310\u20ac\/mes)  MUR17CH1"},"content":{"rendered":"<p><strong>Habitaci\u00f3n individual en piso compartido en Alcal\u00e1 de Henares zona c\u00e9ntrica &#8211; San Isidro 310\u20ac mensuales. INCLUYE GASTOS.<\/strong><br \/>\nAlquiler habitaci\u00f3n individual Alcal\u00e1 de henares zona Centro &#8211; San Isidro.<br \/>\nSe encuentra en la zona de c\u00e9ntrica de Alcal\u00e1 de henares, cerca del Carrefour, de la Plaza de Cervantes, de la facultad de derecho y de la Biblioteca Crai de la Universidad de Alcal\u00e1.<\/p>\n<p>Piso amplio para estudiantes o j\u00f3venes trabajadores. Dormitorio con cama de 105 cm totalmente amueblado. Derecho a todas las zonas comunes, sal\u00f3n con TV, comedor, cocina y 2 ba\u00f1os. El piso est\u00e1 completamente equipado, utensilios de la cocina necesarios y dos neveras.<\/p>\n<p>Tiene Internet fibra \u00f3ptica a m\u00e1xima velocidad 600 Mb y servicio de limpieza para zonas comunes.<\/p>\n<p>Piso en la calle Murillo 1.<\/p>\n<h4><strong>UBICACI\u00d3N<\/strong><\/h4>\n<p>La habitaci\u00f3n se encuentra en la zona c\u00e9ntrica, zona tranquila, con supermercados cerca, bazares y tiendas de alimentaci\u00f3n alrededor, paradas de autobuses y la Renfe de Alcal\u00e1.<\/p>\n<p>Adem\u00e1s, la Plaza de Cervantes se encuentra a 5 minutos caminando.<\/p>\n<p><iframe style=\"border: 0;\" src=\"https:\/\/www.google.com\/maps\/embed?pb=!1m18!1m12!1m3!1d3034.424640346945!2d-3.362094784349496!3d40.48799205922577!2m3!1f0!2f0!3f0!3m2!1i1024!2i768!4f13.1!3m3!1m2!1s0xd42496a6c4294e7%3A0x980e46f1d74b7bf5!2sCalle%20Manuel%20Aza%C3%B1a%2C%2016%2C%2028805%20Alcal%C3%A1%20de%20Henares%2C%20Madrid!5e0!3m2!1ses!2ses!4v1626189765895!5m2!1ses!2ses\" width=\"100%\" height=\"350\" allowfullscreen=\"allowfullscreen\"><span data-mce-type=\"bookmark\" style=\"display: inline-block; width: 0px; overflow: hidden; line-height: 0;\" class=\"mce_SELRES_start\"><\/span><\/iframe><b><\/b><br \/>\n<b><\/b><\/p>\n<h4><b>Terms and Conditions<\/b><\/h4>\n<p>Accommodation reservation is a service that offers\u00a0<strong>My Room (Room House Group Alojamientos S.L)<\/strong>\u00a0to those Users who want to reserve a room in advance (for these purposes, hereinafter it will be called\u00a0<strong>\"Hosting User\".<\/strong><\/p>\n<p><strong>\"Booking Deposit\"<\/strong>\u00a0refers to the amount charged by the My Room company to the accommodation user, setting the amount of this concept in a month's rent according to the rate of the chosen room.<br \/>\n<strong>\"Sevice commission (fee)\"<\/strong>\u00a0refers to the amount applied by the My Room company to the accommodation user, setting the amount of this concept at \u20ac 40 per reservation and room.<br \/>\n<strong>\"Cancellation Penalty\"<\/strong> se refiere a la cantidad aplicada por la empresa My Room aplicada al usuario de alojamiento el cual se comprometen a pagar el importe fijado de este concepto, detallado seg\u00fan proceda el tipo de cancelaci\u00f3n de reserva y siempre que incumpla los t\u00e9rminos y condiciones relacionados en las formas abajo indicadas.<\/p>\n<p>Para mayor informaci\u00f3n puedes leer la <a href=\"https:\/\/myroommate.es\/en\/politica-de-cancelacion-de-reservas\/\" target=\"_blank\" rel=\"noopener\">pol\u00edtica de cancelaci\u00f3n<\/a> de reservas.<\/p>\n<p>Y si tienes alguna duda, puedes ponerte en contacto con nosotros a trav\u00e9s de Whatsapp o en nuestra oficina en la calle Natividad 1.<\/p>","protected":false},"excerpt":{"rendered":"<p>&nbsp;<\/p>\n<p>Habitaci\u00f3n individual en piso compartido en Alcal\u00e1 de Henares zona c\u00e9ntrica &#8211; San Isidro 310\u20ac mensuales. INCLUYE GASTOS.<\/p>","protected":false},"featured_media":5681,"comment_status":"open","ping_status":"closed","template":"","meta":[],"yoast_head":"<!-- This site is optimized with the Yoast SEO plugin v15.9 - https:\/\/yoast.com\/wordpress\/plugins\/seo\/ -->\n<title>Habitaci\u00f3n en Alcal\u00e1 de Henares (310\u20ac\/mes) MUR17CH1 | My Room<\/title>\n<meta name=\"description\" content=\"Agencia de Alquiler de alojamientos en pisos compartidos para Estudiantes y j\u00f3venes profesionales. Habitaci\u00f3n individual en Alcal\u00e1 de Henares\" \/>\n<meta name=\"robots\" content=\"index, follow, max-snippet:-1, max-image-preview:large, max-video-preview:-1\" \/>\n<link rel=\"canonical\" href=\"https:\/\/myroommate.es\/en\/rooms\/habitacion-en-alcala-de-henares-centro-310e-mes-mur17ch1\/\" \/>\n<meta property=\"og:locale\" content=\"en_US\" \/>\n<meta property=\"og:type\" content=\"article\" \/>\n<meta property=\"og:title\" content=\"Habitaci\u00f3n en Alcal\u00e1 de Henares (310\u20ac\/mes) MUR17CH1 | My Room\" \/>\n<meta property=\"og:description\" content=\"Agencia de Alquiler de alojamientos en pisos compartidos para Estudiantes y j\u00f3venes profesionales. Habitaci\u00f3n individual en Alcal\u00e1 de Henares\" \/>\n<meta property=\"og:url\" content=\"https:\/\/myroommate.es\/en\/rooms\/habitacion-en-alcala-de-henares-centro-310e-mes-mur17ch1\/\" \/>\n<meta property=\"og:site_name\" content=\"My Room\" \/>\n<meta property=\"article:modified_time\" content=\"2021-09-30T10:23:49+00:00\" \/>\n<meta property=\"og:image\" content=\"https:\/\/myroommate.es\/wp-content\/uploads\/2021\/09\/MUR17CHab1.1-scaled.jpg\" \/>\n\t<meta property=\"og:image:width\" content=\"2560\" \/>\n\t<meta property=\"og:image:height\" content=\"1920\" \/>\n<meta name=\"twitter:card\" content=\"summary_large_image\" \/>\n<meta name=\"twitter:label1\" content=\"Est. reading time\">\n\t<meta name=\"twitter:data1\" content=\"2 minutes\">\n<script type=\"application\/ld+json\" class=\"yoast-schema-graph\">{\"@context\":\"https:\/\/schema.org\",\"@graph\":[{\"@type\":\"Organization\",\"@id\":\"https:\/\/myroommate.es\/#organization\",\"name\":\"My room mate Madrid\",\"url\":\"https:\/\/myroommate.es\/\",\"sameAs\":[],\"logo\":{\"@type\":\"ImageObject\",\"@id\":\"https:\/\/myroommate.es\/#logo\",\"inLanguage\":\"en-US\",\"url\":\"https:\/\/myroommate.es\/wp-content\/uploads\/2019\/12\/Screen-Shot-2019-12-26-at-08.43.59.png\",\"width\":1520,\"height\":748,\"caption\":\"My room mate Madrid\"},\"image\":{\"@id\":\"https:\/\/myroommate.es\/#logo\"}},{\"@type\":\"WebSite\",\"@id\":\"https:\/\/myroommate.es\/#website\",\"url\":\"https:\/\/myroommate.es\/\",\"name\":\"My Room\",\"description\":\"Agencia Inmobiliaria especializada en alquiler de alojamientos en pisos compartidos para estudiantes y j\\u00f3venes profesionales.\",\"publisher\":{\"@id\":\"https:\/\/myroommate.es\/#organization\"},\"potentialAction\":[{\"@type\":\"SearchAction\",\"target\":\"https:\/\/myroommate.es\/?s={search_term_string}\",\"query-input\":\"required name=search_term_string\"}],\"inLanguage\":\"en-US\"},{\"@type\":\"ImageObject\",\"@id\":\"https:\/\/myroommate.es\/rooms\/habitacion-en-alcala-de-henares-centro-310e-mes-mur17ch1\/#primaryimage\",\"inLanguage\":\"en-US\",\"url\":\"https:\/\/myroommate.es\/wp-content\/uploads\/2021\/09\/MUR17CHab1.1-scaled.jpg\",\"width\":2560,\"height\":1920},{\"@type\":\"WebPage\",\"@id\":\"https:\/\/myroommate.es\/rooms\/habitacion-en-alcala-de-henares-centro-310e-mes-mur17ch1\/#webpage\",\"url\":\"https:\/\/myroommate.es\/rooms\/habitacion-en-alcala-de-henares-centro-310e-mes-mur17ch1\/\",\"name\":\"Habitaci\\u00f3n en Alcal\\u00e1 de Henares (310\\u20ac\/mes) MUR17CH1 | My Room\",\"isPartOf\":{\"@id\":\"https:\/\/myroommate.es\/#website\"},\"primaryImageOfPage\":{\"@id\":\"https:\/\/myroommate.es\/rooms\/habitacion-en-alcala-de-henares-centro-310e-mes-mur17ch1\/#primaryimage\"},\"datePublished\":\"2021-09-30T07:49:34+00:00\",\"dateModified\":\"2021-09-30T10:23:49+00:00\",\"description\":\"Agencia de Alquiler de alojamientos en pisos compartidos para Estudiantes y j\\u00f3venes profesionales. Habitaci\\u00f3n individual en Alcal\\u00e1 de Henares\",\"breadcrumb\":{\"@id\":\"https:\/\/myroommate.es\/rooms\/habitacion-en-alcala-de-henares-centro-310e-mes-mur17ch1\/#breadcrumb\"},\"inLanguage\":\"en-US\",\"potentialAction\":[{\"@type\":\"ReadAction\",\"target\":[\"https:\/\/myroommate.es\/rooms\/habitacion-en-alcala-de-henares-centro-310e-mes-mur17ch1\/\"]}]},{\"@type\":\"BreadcrumbList\",\"@id\":\"https:\/\/myroommate.es\/rooms\/habitacion-en-alcala-de-henares-centro-310e-mes-mur17ch1\/#breadcrumb\",\"itemListElement\":[{\"@type\":\"ListItem\",\"position\":1,\"item\":{\"@type\":\"WebPage\",\"@id\":\"https:\/\/myroommate.es\/es_es\/\",\"url\":\"https:\/\/myroommate.es\/es_es\/\",\"name\":\"Portada\"}},{\"@type\":\"ListItem\",\"position\":2,\"item\":{\"@type\":\"WebPage\",\"@id\":\"https:\/\/myroommate.es\/rooms\/\",\"url\":\"https:\/\/myroommate.es\/rooms\/\",\"name\":\"Rooms\"}},{\"@type\":\"ListItem\",\"position\":3,\"item\":{\"@type\":\"WebPage\",\"@id\":\"https:\/\/myroommate.es\/rooms\/habitacion-en-alcala-de-henares-centro-310e-mes-mur17ch1\/\",\"url\":\"https:\/\/myroommate.es\/rooms\/habitacion-en-alcala-de-henares-centro-310e-mes-mur17ch1\/\",\"name\":\"Habitaci\\u00f3n en Alcal\\u00e1 de Henares (310\\u20ac\/mes) MUR17CH1\"}}]}]}<\/script>\n<!-- \/ Yoast SEO plugin. -->","_links":{"self":[{"href":"https:\/\/myroommate.es\/en\/wp-json\/wp\/v2\/product\/5676"}],"collection":[{"href":"https:\/\/myroommate.es\/en\/wp-json\/wp\/v2\/product"}],"about":[{"href":"https:\/\/myroommate.es\/en\/wp-json\/wp\/v2\/types\/product"}],"replies":[{"embeddable":true,"href":"https:\/\/myroommate.es\/en\/wp-json\/wp\/v2\/comments?post=5676"}],"version-history":[{"count":3,"href":"https:\/\/myroommate.es\/en\/wp-json\/wp\/v2\/product\/5676\/revisions"}],"predecessor-version":[{"id":5679,"href":"https:\/\/myroommate.es\/en\/wp-json\/wp\/v2\/product\/5676\/revisions\/5679"}],"wp:featuredmedia":[{"embeddable":true,"href":"https:\/\/myroommate.es\/en\/wp-json\/wp\/v2\/media\/5681"}],"wp:attachment":[{"href":"https:\/\/myroommate.es\/en\/wp-json\/wp\/v2\/media?parent=5676"}],"curies":[{"name":"wp","href":"https:\/\/api.w.org\/{rel}","templated":true}]}}