{"id":3543,"date":"2019-12-26T22:17:00","date_gmt":"2019-12-26T22:17:00","guid":{"rendered":"http:\/\/myroommate.es\/?page_id=3543"},"modified":"2021-03-02T16:52:20","modified_gmt":"2021-03-02T15:52:20","slug":"manual-normas-del-inquilino","status":"publish","type":"page","link":"https:\/\/myroommate.es\/es_es\/manual-normas-del-inquilino\/","title":{"rendered":"Manual y normas del inquilino"},"content":{"rendered":"\t\t<div data-elementor-type=\"wp-page\" data-elementor-id=\"3543\" class=\"elementor elementor-3543\" data-elementor-settings=\"[]\">\n\t\t\t\t\t\t<div class=\"elementor-inner\">\n\t\t\t\t\t\t\t<div class=\"elementor-section-wrap\">\n\t\t\t\t\t\t\t<section class=\"elementor-section elementor-top-section elementor-element elementor-element-ee2a08a elementor-section-boxed elementor-section-height-default elementor-section-height-default\" data-id=\"ee2a08a\" data-element_type=\"section\">\n\t\t\t\t\t\t<div class=\"elementor-container elementor-column-gap-default\">\n\t\t\t\t\t\t\t<div class=\"elementor-row\">\n\t\t\t\t\t<div class=\"elementor-column elementor-col-100 elementor-top-column elementor-element elementor-element-ae2d2bb\" data-id=\"ae2d2bb\" data-element_type=\"column\">\n\t\t\t<div class=\"elementor-column-wrap elementor-element-populated\">\n\t\t\t\t\t\t\t<div class=\"elementor-widget-wrap\">\n\t\t\t\t\t\t<div class=\"elementor-element elementor-element-8ecdd40 bddex-dual-header-content-align-center elementor-widget elementor-widget-bddex-dual-color-header\" data-id=\"8ecdd40\" data-element_type=\"widget\" data-widget_type=\"bddex-dual-color-header.default\">\n\t\t\t\t<div class=\"elementor-widget-container\">\n\t\t\t\t\t<div class=\"bddex-dual-header\">\r\n\t\t<h2 class=\"title\"><span class=\"lead\">MANUAL Y NORMAS<\/span> <span>PARA EL INQUILINO<\/span><\/h2>\r\n\t   <span class=\"subtext\">Desde hoy ya eres parte de la comunidad Roommate, nosotros te vamos a ayudar para que tu vida y tu estudio en Madrid sean una inolvidable experiencia. \n\nPara nosotros es muy importante la sana convivencia en cada piso, queremos que todos est\u00e9n a gusto, por eso te invitamos a respetar las condiciones y normas generales de My Room:<\/span>\r\n\t   \t   \t<i class=\"fa fa-bed\"><\/i>\r\n\t\t\t<\/div>\r\n\t\r\n\t\r\n\t\r\n\t\r\n\t\t\t<\/div>\n\t\t\t\t<\/div>\n\t\t\t\t\t\t<\/div>\n\t\t\t\t\t<\/div>\n\t\t<\/div>\n\t\t\t\t\t\t\t\t<\/div>\n\t\t\t\t\t<\/div>\n\t\t<\/section>\n\t\t\t\t<section class=\"elementor-section elementor-top-section elementor-element elementor-element-4891954 elementor-section-boxed elementor-section-height-default elementor-section-height-default\" data-id=\"4891954\" data-element_type=\"section\">\n\t\t\t\t\t\t<div class=\"elementor-container elementor-column-gap-default\">\n\t\t\t\t\t\t\t<div class=\"elementor-row\">\n\t\t\t\t\t<div class=\"elementor-column elementor-col-100 elementor-top-column elementor-element elementor-element-b5e78f2\" data-id=\"b5e78f2\" data-element_type=\"column\">\n\t\t\t<div class=\"elementor-column-wrap elementor-element-populated\">\n\t\t\t\t\t\t\t<div class=\"elementor-widget-wrap\">\n\t\t\t\t\t\t<div class=\"elementor-element elementor-element-4b6d5be lae-tabs-style1 elementor-widget elementor-widget-lae-tabs\" data-id=\"4b6d5be\" data-element_type=\"widget\" data-widget_type=\"lae-tabs.default\">\n\t\t\t\t<div class=\"elementor-widget-container\">\n\t\t\t\r\n        <div class=\"lae-tabs  style1\"\r\n             data-mobile-width=\"767\">\r\n\r\n            <a href=\"#\" class=\"lae-tab-mobile-menu\"><i class=\"lae-icon-menu\"><\/i>&nbsp;<\/a>\r\n\r\n            <div class=\"lae-tab-nav\">\r\n\r\n                <div class=\"lae-tab\"><a href=\"#normas-basicas-69f28cc404af4\"><span class=\"lae-tab-title\">Normas Basicas<\/span><\/a><\/div><div class=\"lae-tab\"><a href=\"#pagos-69f28cc404ccf\"><span class=\"lae-tab-title\">PAGOS<\/span><\/a><\/div><div class=\"lae-tab\"><a href=\"#condiciones-69f28cc404d17\"><span class=\"lae-tab-title\">CONDICIONES<\/span><\/a><\/div>\r\n            <\/div>\r\n\r\n            <div class=\"lae-tab-panes\">\r\n\r\n                <div id=\"normas-basicas-69f28cc404af4\" class=\"lae-tab-pane\"><p><strong>El presente acuerdo de Normas Generales de convivencia se establece con el fin de preservar la armon\u00eda, el bienestar y la seguridad de los residentes y mantener un v\u00ednculo de respeto mutuo entre s\u00ed y sana convivencia.<\/strong><br \/><strong>A)<\/strong> Los inquilinos deber\u00e1n respetar todas las normas de convivencia del presente reglamento. Asimismo deber\u00e1n guardar respeto por los dem\u00e1s Roommates y por el personal que trabaja para My Room.\u00a0\u00a0\u00a0 <br \/><strong>B)<\/strong> Est\u00e1 terminantemente prohibido el consumo de drogas y bebidas alcoh\u00f3licas. Ante la menor evidencia de su uso, el residente ser\u00e1 sancionado de forma inmediata, y deber\u00e1 retirarse del piso alquilado.<br \/><strong>C)<\/strong> Ning\u00fan Room Mate podr\u00e1 ingresar en el piso en estado de embriaguez, ni molestar al vecindario o realizar acciones que perjudiquen o perturben a otros residentes o que atente contra la propiedad.<br \/><strong>D)<\/strong> <span style=\"font-weight: 400;\">Est\u00e1 prohibido dejar o ropa sucia en \u00e1reas comunes.<\/span><\/p><p><span style=\"font-weight: 400;\"><strong>E)<\/strong> En la noche a partir de las 11\/30 pm\u00a0 por el respeto a los compa\u00f1eros y a los vecinos hay que evitar ruidos de cualquier tipo, m\u00fasica alta, portazos, gritos, etc. No se pueden hacer fiestas ni reuniones sociales que alteren la tranquilidad de los vecinos. Cualquier evento realizado fuera de lo cotidiano ser\u00e1 con previa autorizaci\u00f3n de la parte arrendadora.<\/span><\/p><p><span style=\"font-weight: 400;\">Durante el resto del d\u00eda el nivel de ruido debe ser razonable.<\/span><\/p><p><b>G)<\/b> <span style=\"font-weight: 400;\">No est\u00e1 permitido convivir ni con animales ni plantas.<\/span><\/p><p><b>H)<\/b> <span style=\"font-weight: 400;\">Est\u00e1 totalmente prohibido fumar en ninguna de las estancias interiores de la casa.<\/span><\/p><p><b>I) <\/b><span style=\"font-weight: 400;\">La p\u00e9rdida de las llaves entregadas genera un costo de 50\u20ac.<\/span><\/p><p><b>J) <\/b>S<span style=\"font-weight: 400;\">i ha cerrado su habitaci\u00f3n y ha olvidado su llave adentro se le abrir\u00e1 la puerta con un costo de 20\u20ac en concepto de desplazamiento d\u00edas y horario laborable.\u00a0 S\u00e1bados domingos ,festivos o fuera de horario laboral el costo de reapertura de puerta ser\u00e1 de 30\u20ac<\/span><\/p><p><b>K)<\/b><span style=\"font-weight: 400;\"> Las zonas comunes deben permanecer despejadas, tanto el pasillo, como el sal\u00f3n deben estar libres de bicicletas o tendederos de ropa. Por consiguiente, queda prohibido el almacenamiento de bicicletas dentro de la vivienda.<\/span><\/p><p><b>L)<\/b><span style=\"font-weight: 400;\"> NO est\u00e1 permitido el uso de aparatos el\u00e9ctricos tales como: calentadores, radiadores, estufas, hornillos u otros electrodom\u00e9sticos de calefacci\u00f3n, ni dentro de las habitaciones, ni fuera, recayendo sobre el inquilino cualquier responsabilidad objetiva que pudiera derivarse del uso de uno de estos aparatos.<\/span><\/p><p><b>K)<\/b><span style=\"font-weight: 400;\"> El consumo de energ\u00eda est\u00e1 estimado para que se pueda hacer uso normal de todos lo s inquilinos que residen actualmente en la vivienda, pero haciendo un uso responsable del mismo. As\u00ed que NO se podr\u00e1 usar diferentes aparatos de consumo a la vez, para que no salte y apague la luz.<\/span><\/p><p><b>L)<\/b><span style=\"font-weight: 400;\"> My Room se reserva el derecho a entrar a la vivienda ( NO entrando a las habitaciones ocupadas )para verificar el correcto cumplimiento de las presentes normas generales de convivencia.\u00a0<\/span><\/p><p><b>M) <\/b><span style=\"font-weight: 400;\">\u00a0My Room no se hace responsable en ning\u00fan caso por la p\u00e9rdida de objetos de valor, dinero u otras pertenencias. Cada inquilino ser\u00e1 responsable por cualquier da\u00f1o que pudiera sufrir u ocasionar alguno de sus acompa\u00f1antes, o visitas.<\/span><\/p><p><i><span style=\"font-weight: 400;\">Cualquier violaci\u00f3n o incumplimiento al presente acuerdo de Normas Generales de convivencia, ser\u00e1 susceptible de la sanci\u00f3n que My Room considere correspondiente, pudiendo llegarse, dependiendo de la gravedad de la falta, a la Rescisi\u00f3n del contrato y expulsi\u00f3n del inquilino<\/span><\/i><\/p><\/div><div id=\"pagos-69f28cc404ccf\" class=\"lae-tab-pane\"><p><span style=\"font-weight: 400;\">El pago del valor mensual de alojamiento debe\u00a0 efectuarse del 1 al\u00a0 3 de cada mes por adelantado. A partir del vencimiento de este t\u00e9rmino se aplicar\u00e1 un recargo.\u00a0<\/span><\/p><p><span style=\"font-weight: 400;\">El dep\u00f3sito de Fianza deber\u00e1 abonarse al momento de\u00a0 la firma del contrato y ser\u00e1 devuelto al inquilino siempre y cuando este haya acatado todas las normas generales y entregue la habitaci\u00f3n en el mismo estado recibido.\u00a0 <\/span><\/p><\/div><div id=\"condiciones-69f28cc404d17\" class=\"lae-tab-pane\"><p><span style=\"font-weight: 400;\">Cada inquilino de My Room le asignamos un n\u00famero de identificaci\u00f3n en contrato que es importante recordar, porque es necesario para hacer diferentes tr\u00e1mites en nuestra web y en nuestras oficinas.\u00a0 Cada piso y su habitaci\u00f3n tiene tambi\u00e9n un n\u00famero de identificaci\u00f3n y de referencia.<\/span><\/p><p><span style=\"font-weight: 400;\">Si has reservado por la web y vienes del extranjero debes avisarnos Dos o tres semanas antes de su llegada, confirmando a My Room, mediante un mail o por tel\u00e9fono,wathsapp o email\u00a0 el d\u00eda y la hora de la llegada, para tener todo a punto y avisarles a los dem\u00e1s compa\u00f1eros, y si has contratado el servicio de recogida en aeropuerto para que nuestro personal de transporte est\u00e9 preparado.\u00a0<\/span><\/p><p><span style=\"font-weight: 400;\">Recuerda que la hora de llegada est\u00e1 establecida en nuestro Horario comercial de lunes a viernes de 10:00am a 2:00pm y de 4:00 pm a 8:00 pm fuera de este horario consultenos si es posible recibirlo con alg\u00fan cargo extra. y recuerda que si traes equipaje voluminoso o alg\u00fan tipo de mobiliario debes informarnos con antelaci\u00f3n.<\/span><\/p><p><span style=\"font-weight: 400;\">Nada m\u00e1s llegar a la vivienda y realizar el checkin de la habitaci\u00f3n, el inquilino debe informar a <\/span><b>My Room<\/b><span style=\"font-weight: 400;\"> si se encuentra con alg\u00fan desperfecto o carencia de algo que no refleje el listado de <\/span><b>checklist,<\/b><span style=\"font-weight: 400;\"> si el inquilino No dice nada en el siguiente d\u00eda h\u00e1bil se hace responsable de los desperfectos y carencias encontradas. Con este fin existe el Check List de llegada, que se le proporciona a la entrega de llaves a cada inquilino y que firma conforme de haber\u00a0 recibido la habitaci\u00f3n en perfecto estado y con el mobiliario que\u00a0 indica este documento.<\/span><\/p><\/div>\r\n            <\/div>\r\n\r\n        <\/div>\r\n\r\n        \t\t<\/div>\n\t\t\t\t<\/div>\n\t\t\t\t\t\t<\/div>\n\t\t\t\t\t<\/div>\n\t\t<\/div>\n\t\t\t\t\t\t\t\t<\/div>\n\t\t\t\t\t<\/div>\n\t\t<\/section>\n\t\t\t\t\t\t<\/div>\n\t\t\t\t\t\t<\/div>\n\t\t\t\t\t<\/div>\n\t\t","protected":false},"excerpt":{"rendered":"<p>MANUAL Y NORMAS PARA EL INQUILINO Desde hoy ya eres parte de la comunidad Roommate, nosotros te vamos a ayudar para que tu vida y tu estudio en Madrid sean una inolvidable experiencia. Para nosotros es muy importante la sana convivencia en cada piso, queremos que todos est\u00e9n a gusto, por eso te invitamos a.<\/p>\n","protected":false},"author":9,"featured_media":0,"parent":0,"menu_order":0,"comment_status":"closed","ping_status":"closed","template":"","meta":[],"yoast_head":"<!-- This site is optimized with the Yoast SEO plugin v15.9 - https:\/\/yoast.com\/wordpress\/plugins\/seo\/ -->\n<title>Manual y normas del inquilino | My Room<\/title>\n<meta name=\"description\" content=\"Agencia de Alquiler de alojamientos en pisos compartidos para Estudiantes y j\u00f3venes profesionales.\" \/>\n<meta name=\"robots\" content=\"index, follow, max-snippet:-1, max-image-preview:large, max-video-preview:-1\" \/>\n<link rel=\"canonical\" href=\"https:\/\/myroommate.es\/es_es\/manual-normas-del-inquilino\/\" \/>\n<meta property=\"og:locale\" content=\"es_ES\" \/>\n<meta property=\"og:type\" content=\"article\" \/>\n<meta property=\"og:title\" content=\"Manual y normas del inquilino | My Room\" \/>\n<meta property=\"og:description\" content=\"Agencia de Alquiler de alojamientos en pisos compartidos para Estudiantes y j\u00f3venes profesionales.\" \/>\n<meta property=\"og:url\" content=\"https:\/\/myroommate.es\/es_es\/manual-normas-del-inquilino\/\" \/>\n<meta property=\"og:site_name\" content=\"My Room\" \/>\n<meta property=\"article:modified_time\" content=\"2021-03-02T15:52:20+00:00\" \/>\n<meta name=\"twitter:card\" content=\"summary_large_image\" \/>\n<meta name=\"twitter:label1\" content=\"Tiempo de lectura\">\n\t<meta name=\"twitter:data1\" content=\"4 minutos\">\n<script type=\"application\/ld+json\" class=\"yoast-schema-graph\">{\"@context\":\"https:\/\/schema.org\",\"@graph\":[{\"@type\":\"Organization\",\"@id\":\"https:\/\/myroommate.es\/#organization\",\"name\":\"My room mate Madrid\",\"url\":\"https:\/\/myroommate.es\/\",\"sameAs\":[],\"logo\":{\"@type\":\"ImageObject\",\"@id\":\"https:\/\/myroommate.es\/#logo\",\"inLanguage\":\"es\",\"url\":\"https:\/\/myroommate.es\/wp-content\/uploads\/2019\/12\/Screen-Shot-2019-12-26-at-08.43.59.png\",\"width\":1520,\"height\":748,\"caption\":\"My room mate Madrid\"},\"image\":{\"@id\":\"https:\/\/myroommate.es\/#logo\"}},{\"@type\":\"WebSite\",\"@id\":\"https:\/\/myroommate.es\/#website\",\"url\":\"https:\/\/myroommate.es\/\",\"name\":\"My Room\",\"description\":\"Agencia Inmobiliaria especializada en alquiler de alojamientos en pisos compartidos para estudiantes y j\\u00f3venes profesionales.\",\"publisher\":{\"@id\":\"https:\/\/myroommate.es\/#organization\"},\"potentialAction\":[{\"@type\":\"SearchAction\",\"target\":\"https:\/\/myroommate.es\/?s={search_term_string}\",\"query-input\":\"required name=search_term_string\"}],\"inLanguage\":\"es\"},{\"@type\":\"WebPage\",\"@id\":\"https:\/\/myroommate.es\/manual-normas-del-inquilino\/#webpage\",\"url\":\"https:\/\/myroommate.es\/manual-normas-del-inquilino\/\",\"name\":\"Manual y normas del inquilino | My Room\",\"isPartOf\":{\"@id\":\"https:\/\/myroommate.es\/#website\"},\"datePublished\":\"2019-12-26T22:17:00+00:00\",\"dateModified\":\"2021-03-02T15:52:20+00:00\",\"description\":\"Agencia de Alquiler de alojamientos en pisos compartidos para Estudiantes y j\\u00f3venes profesionales.\",\"breadcrumb\":{\"@id\":\"https:\/\/myroommate.es\/manual-normas-del-inquilino\/#breadcrumb\"},\"inLanguage\":\"es\",\"potentialAction\":[{\"@type\":\"ReadAction\",\"target\":[\"https:\/\/myroommate.es\/manual-normas-del-inquilino\/\"]}]},{\"@type\":\"BreadcrumbList\",\"@id\":\"https:\/\/myroommate.es\/manual-normas-del-inquilino\/#breadcrumb\",\"itemListElement\":[{\"@type\":\"ListItem\",\"position\":1,\"item\":{\"@type\":\"WebPage\",\"@id\":\"https:\/\/myroommate.es\/es_es\/\",\"url\":\"https:\/\/myroommate.es\/es_es\/\",\"name\":\"Portada\"}},{\"@type\":\"ListItem\",\"position\":2,\"item\":{\"@type\":\"WebPage\",\"@id\":\"https:\/\/myroommate.es\/manual-normas-del-inquilino\/\",\"url\":\"https:\/\/myroommate.es\/manual-normas-del-inquilino\/\",\"name\":\"Manual y normas del inquilino\"}}]}]}<\/script>\n<!-- \/ Yoast SEO plugin. -->","_links":{"self":[{"href":"https:\/\/myroommate.es\/es_es\/wp-json\/wp\/v2\/pages\/3543"}],"collection":[{"href":"https:\/\/myroommate.es\/es_es\/wp-json\/wp\/v2\/pages"}],"about":[{"href":"https:\/\/myroommate.es\/es_es\/wp-json\/wp\/v2\/types\/page"}],"author":[{"embeddable":true,"href":"https:\/\/myroommate.es\/es_es\/wp-json\/wp\/v2\/users\/9"}],"replies":[{"embeddable":true,"href":"https:\/\/myroommate.es\/es_es\/wp-json\/wp\/v2\/comments?post=3543"}],"version-history":[{"count":17,"href":"https:\/\/myroommate.es\/es_es\/wp-json\/wp\/v2\/pages\/3543\/revisions"}],"predecessor-version":[{"id":5414,"href":"https:\/\/myroommate.es\/es_es\/wp-json\/wp\/v2\/pages\/3543\/revisions\/5414"}],"wp:attachment":[{"href":"https:\/\/myroommate.es\/es_es\/wp-json\/wp\/v2\/media?parent=3543"}],"curies":[{"name":"wp","href":"https:\/\/api.w.org\/{rel}","templated":true}]}}