{"id":3992,"date":"2020-02-18T00:34:52","date_gmt":"2020-02-18T00:34:52","guid":{"rendered":"http:\/\/myroommate.es\/?page_id=3992"},"modified":"2021-03-02T17:00:00","modified_gmt":"2021-03-02T16:00:00","slug":"condiciones-del-propietario","status":"publish","type":"page","link":"https:\/\/myroommate.es\/es_es\/condiciones-del-propietario\/","title":{"rendered":"Condiciones del propietario"},"content":{"rendered":"\t\t<div data-elementor-type=\"wp-page\" data-elementor-id=\"3992\" class=\"elementor elementor-3992\" data-elementor-settings=\"[]\">\n\t\t\t\t\t\t<div class=\"elementor-inner\">\n\t\t\t\t\t\t\t<div class=\"elementor-section-wrap\">\n\t\t\t\t\t\t\t<section class=\"elementor-section elementor-top-section elementor-element elementor-element-ee2a08a elementor-section-boxed elementor-section-height-default elementor-section-height-default\" data-id=\"ee2a08a\" data-element_type=\"section\">\n\t\t\t\t\t\t<div class=\"elementor-container elementor-column-gap-default\">\n\t\t\t\t\t\t\t<div class=\"elementor-row\">\n\t\t\t\t\t<div class=\"elementor-column elementor-col-100 elementor-top-column elementor-element elementor-element-ae2d2bb\" data-id=\"ae2d2bb\" data-element_type=\"column\">\n\t\t\t<div class=\"elementor-column-wrap elementor-element-populated\">\n\t\t\t\t\t\t\t<div class=\"elementor-widget-wrap\">\n\t\t\t\t\t\t<div class=\"elementor-element elementor-element-8ecdd40 bddex-dual-header-content-align-center elementor-widget elementor-widget-bddex-dual-color-header\" data-id=\"8ecdd40\" data-element_type=\"widget\" data-widget_type=\"bddex-dual-color-header.default\">\n\t\t\t\t<div class=\"elementor-widget-container\">\n\t\t\t\t\t<div class=\"bddex-dual-header\">\r\n\t\t<h2 class=\"title\"><span class=\"lead\">CUIDAMOS SU<\/span> <span>MEJOR ACTIVO<\/span><\/h2>\r\n\t   <span class=\"subtext\">Entendemos lo importante que es su vivienda  para usted. Por eso trabajamos con profesionalismo para conservar y cuidar su patrimonio. llega un momento en el que es necesario contar con ayuda de profesionales que nos ayuden a optimizar su gesti\u00f3n. Para My Room es muy importante la Trasparencia y claridad en las modalidades que ofrecemos por eso lo invitamos a que conozco mas a fondo esta modalidad que puede encajar con sus expectativas y con las que hemos trabajado con muchos propietarios. \n<\/span>\r\n\t   \t   \t<i class=\"fa fa-home\"><\/i>\r\n\t\t\t<\/div>\r\n\t\r\n\t\r\n\t\r\n\t\r\n\t\t\t<\/div>\n\t\t\t\t<\/div>\n\t\t\t\t\t\t<\/div>\n\t\t\t\t\t<\/div>\n\t\t<\/div>\n\t\t\t\t\t\t\t\t<\/div>\n\t\t\t\t\t<\/div>\n\t\t<\/section>\n\t\t\t\t<section class=\"elementor-section elementor-top-section elementor-element elementor-element-4891954 elementor-section-boxed elementor-section-height-default elementor-section-height-default\" data-id=\"4891954\" data-element_type=\"section\">\n\t\t\t\t\t\t<div class=\"elementor-container elementor-column-gap-default\">\n\t\t\t\t\t\t\t<div class=\"elementor-row\">\n\t\t\t\t\t<div class=\"elementor-column elementor-col-100 elementor-top-column elementor-element elementor-element-b5e78f2\" data-id=\"b5e78f2\" data-element_type=\"column\">\n\t\t\t<div class=\"elementor-column-wrap elementor-element-populated\">\n\t\t\t\t\t\t\t<div class=\"elementor-widget-wrap\">\n\t\t\t\t\t\t<div class=\"elementor-element elementor-element-4b6d5be lae-tabs-style1 elementor-widget elementor-widget-lae-tabs\" data-id=\"4b6d5be\" data-element_type=\"widget\" data-widget_type=\"lae-tabs.default\">\n\t\t\t\t<div class=\"elementor-widget-container\">\n\t\t\t\r\n        <div class=\"lae-tabs  style1\"\r\n             data-mobile-width=\"767\">\r\n\r\n            <a href=\"#\" class=\"lae-tab-mobile-menu\"><i class=\"lae-icon-menu\"><\/i>&nbsp;<\/a>\r\n\r\n            <div class=\"lae-tab-nav\">\r\n\r\n                <div class=\"lae-tab\"><a href=\"#gesti%c3%b3n-complet-69f36aa20ebb6\"><span class=\"lae-tab-title\">GESTI\u00d3N COMPLET<\/span><\/a><\/div><div class=\"lae-tab\"><a href=\"#gesti%c3%b3n-global-69f36aa20ed0f\"><span class=\"lae-tab-title\">GESTI\u00d3N GLOBAL<\/span><\/a><\/div><div class=\"lae-tab\"><a href=\"#gesti%c3%b3n-premium-69f36aa20edb2\"><span class=\"lae-tab-title\">GESTI\u00d3N PREMIUM<\/span><\/a><\/div>\r\n            <\/div>\r\n\r\n            <div class=\"lae-tab-panes\">\r\n\r\n                <div id=\"gesti%c3%b3n-complet-69f36aa20ebb6\" class=\"lae-tab-pane\"><h3><b>My Room Complet Basic<\/b><b>:<\/b><\/h3><p><b>(<\/b><b>Contrato de prestaci\u00f3n de servicios: entre My Room y el Inquilino<\/b><b>)<\/b><\/p><p><span style=\"font-weight: 400;\">Nos encargamos totalmente de todo hasta finalizar el proceso del alquiler de la\u00a0 vivienda a coste 0 para el propietario, g<\/span><span style=\"font-weight: 400;\">estionando<\/span><span style=\"font-weight: 400;\">:<\/span><\/p><ul><li><span style=\"font-weight: 400;\">La promoci\u00f3n de la vivienda en diferentes medios de comunicaci\u00f3n.<\/span><\/li><li><span style=\"font-weight: 400;\">La\u00a0 recepci\u00f3n y atenci\u00f3n de llamadas al inquilino interesado.<\/span><\/li><li><b><\/b><span style=\"font-weight: 400;\">La realizaci\u00f3n de cuantas visitas sean oportunas para evitar molestias, desplazamientos, y ahorro de tiempo al propietario.<\/span><\/li><li><span style=\"font-weight: 400;\">El estudio del perfil del inquilino y una vez consideremos que es adecuado la valoraci\u00f3n final la tendr\u00e1 el propietario.<\/span><\/li><li><span style=\"font-weight: 400;\">La gesti\u00f3n de y tramitaci\u00f3n de documentos con la aseguradora (en caso de que sea un requisito y exigencia imprescindible del propietario un seguro de impago<\/span><\/li><li><b><\/b><span style=\"font-weight: 400;\">La elaboraci\u00f3n del contrato de alquiler que mas le convenga al propietario por nuestro departamento jur\u00eddico para una mayor \u00a0 tranquilidad de este y que pueda estar cubierto ante posibles complicaciones durante\u00a0 todo la vigencia del contrato del alquiler de la vivienda.\u00a0<\/span><\/li><\/ul><p><span style=\"font-weight: 400;\">En esta gesti\u00f3n no le cobramos al propietario ning\u00fan importe, s\u00f3lo cobraremos al inquilino una comisi\u00f3n de honorarios de la cuant\u00eda de una mensualidad de la renta, quedando ya terminado nuestro acompa\u00f1amiento en este proceso una vez concluyamos el cierre del contrato con el inquilino adecuado, para que posteriormente sea el propietario quien se encargue de la administraci\u00f3n mes a mes de llevar toda la gesti\u00f3n del arrendamiento.<\/span><\/p><h3><b>My Room Complet Total:<\/b><\/h3><p><b>(<\/b><b>Contrato de prestaci\u00f3n de servicios: entre My Room y el Propietario<\/b><b> y a su vez entre <\/b><b>My Room y el Inquilino<\/b><b>)<\/b><\/p><p><span style=\"font-weight: 400;\">Har\u00edamos la misma funci\u00f3n que en la modalidad b\u00e1sica pero adem\u00e1s llevar\u00edamos\u00a0 la administraci\u00f3n y responsabilidad de todo lo que conlleve la relaci\u00f3n con el inquilino durante toda la vigencia del contrato evit\u00e1ndole as\u00ed al propietario molestias de cualquier \u00edndole, y la despreocupaci\u00f3n total, ya que solo se preocupara por cobrar la renta los d\u00edas acordados cuando corresponda. Durante el tiempo que se contrate esta modalidad. nos encargar\u00edamos de ofrecerle unas ventajas y beneficios \u00fanicos que no ofrece el mercado tradicional tales como brindarle:<\/span><\/p><ul><li><b><\/b><span style=\"font-weight: 400;\">Todos los Servicios de gesti\u00f3n de la modalidad b\u00e1sica. Y adem\u00e1s..<\/span><\/li><li><span style=\"font-weight: 400;\">Seguimiento del Cobro de la renta mensual hasta que sea depositada en su cuenta los d\u00edas acordados con el inquilino.<\/span><\/li><li><span style=\"font-weight: 400;\">Atenci\u00f3n al inquilino los 365 dias del a\u00f1o por cualquier incidencia hasta resolverla evit\u00e1ndole molestias y desplazamientos, solo en caso de necesidad urgente seria contactado el propietario.<\/span><\/li><li><span style=\"font-weight: 400;\">La gesti\u00f3n y reparaciones de las incidencias en\u00a0 mantenimiento que suelen surgir por el desgaste tales como rotura de persianas, cambio de enchufes sueltos, rotura de llaves, etc, asumiendo la mano de obra hasta un m\u00e1ximo de 12 horas por a\u00f1o.<\/span><\/li><li><b><\/b><b> \u00a0<\/b><span style=\"font-weight: 400;\">Asumimos todas las Reparaciones de electrodom\u00e9sticos en mano de obra de gama blanca hasta un m\u00e1ximo de dos intervenciones al a\u00f1o o si es el caso y no hubiera mas opci\u00f3n, la sustituci\u00f3n del mismo hasta un m\u00e1ximo de\u00a0 dos aparatos durante toda la vigencia del contrato.<\/span><\/li><\/ul><p><span style=\"font-weight: 400;\">En esta modalidad adem\u00e1s la comisi\u00f3n del importe de una mensualidad que le cobramos al inquilino nuestros servicios le repercuten a usted como propietario unos honorarios mensuales del 15% + IVA del valor de la renta superiores a los 800\u20ac, Para rentas de cuant\u00edas inferiores nuestros honorarios mensuales ser\u00e1n de 90 \u20ac + IVA mientras se mantenga el contrato pactado.<\/span><\/p><p><span style=\"font-weight: 400;\">Cabe destacar que en ambas modalidades Las fianzas las administra el propietario.<\/span><\/p><\/div><div id=\"gesti%c3%b3n-global-69f36aa20ed0f\" class=\"lae-tab-pane\"><p><span style=\"font-weight: 400;\">Con esta modalidad le ofrecemos al propietario mayor rentabilidad y gesti\u00f3n total de lo que conlleva gestionar el alquiler de las habitaciones ya que el propietario se desentiende por completo de toda gesti\u00f3n, visitas, llamadas e impagos. Est\u00e1 dirigido a propietarios que quieran tener tranquilidad, confianza y solo estar pendiente de ver su transferencia y solo estar pendiente de ver su transferencia hecha cada mes, teniendo tiempo y tranquilidad, dej\u00e1ndolo todo en manos de My Room.<\/span><\/p><p><strong>Ventajas<\/strong><\/p><ol><li><b><\/b> <span style=\"font-weight: 400;\">Estudio y asesor\u00eda para rentabilizar el valor del alquiler de la habitaci\u00f3n<\/span><\/li><li><b><\/b> <span style=\"font-weight: 400;\">Comercializaci\u00f3n en plataforma web de My Room<\/span><\/li><li><b><\/b> <span style=\"font-weight: 400;\">Gesti\u00f3n de reservas por My Room<\/span><\/li><li><b><\/b> <span style=\"font-weight: 400;\">Garantizamos el cobro de la renta de la habitaci\u00f3n est\u00e9 o no est\u00e9 alquilada<\/span><\/li><li><span style=\"font-weight: 400;\">Atenci\u00f3n al cliente al inquilino en nuestras oficinas en diferentes idiomas<\/span><\/li><li><span style=\"font-weight: 400;\">Gestionamos fianzas de los inquilinos<\/span><\/li><li><b><\/b> <span style=\"font-weight: 400;\">Asesor\u00eda f\u00edsica y jur\u00eddica<\/span><\/li><li><b><\/b> <span style=\"font-weight: 400;\">Cobro y pago de gastos de la vivienda<\/span><\/li><li><b><\/b> <span style=\"font-weight: 400;\">Atenci\u00f3n de visitas y llamadas a inquilinos<\/span><\/li><li><span style=\"font-weight: 400;\">Selecci\u00f3n de perfil de inquilinos<\/span><\/li><li><span style=\"font-weight: 400;\">Gesti\u00f3n de entrega de llaves check-in y check-out<\/span><\/li><li><span style=\"font-weight: 400;\">Gesti\u00f3n de mantenimiento de peque\u00f1as reparaciones<\/span><\/li><li><span style=\"font-weight: 400;\">Revisar el piso para devolver las fianzas<\/span><\/li><li><span>Servicio de limpieza en las zonas comunes.<\/span><\/li><\/ol><\/div><div id=\"gesti%c3%b3n-premium-69f36aa20edb2\" class=\"lae-tab-pane\"><ol><li><b><\/b> <span style=\"font-weight: 400;\">Le alquilamos su piso d\u00e1ndole confianza y seguridad de su pago de renta al mes preocup\u00e1ndose solamente de la transferencia en su cuenta los primeros d\u00edas del mes. La forma m\u00e1s segura de poner su piso en alquiler sin impagos ni llamadas ni visitas.<\/span><\/li><li><b><\/b> <span style=\"font-weight: 400;\">Elaboramos el contrato de fianza personal o a nombre de la empresa como sea m\u00e1s c\u00f3modo para su tranquilidad de gesti\u00f3n.<\/span><\/li><li><b><\/b> <span style=\"font-weight: 400;\">Hacemos un alquiler de larga duraci\u00f3n d\u00e1ndole la tranquilidad de tener su piso alquilado por una larga estancia sin tener que preocuparse de estar cambiando de inquilinos.<\/span><\/li><li><b><\/b> <span style=\"font-weight: 400;\">Si en el momento en que nos trae su piso no lo tiene en \u00f3ptimas condiciones de pintura u otros peque\u00f1os arreglos, no hace falta que lo arregle ya que MY ROOM le har\u00e1 los arreglos necesarios para que pueda estar bien acondicionado para alojar a los estudiantes o j\u00f3venes profesionales, ahorr\u00e1ndole el dinero que puede gastarse en este.<\/span><\/li><li><span style=\"font-weight: 400;\">Tambi\u00e9n le garantizamos que tendr\u00e1 sus rentas anuales \u00edntegras sin gastos ni costos de desperfectos de peque\u00f1as aver\u00edas ni electrodom\u00e9sticos ya que MY ROOM se hace cargo sin tener que molestarlo ya sea por un cambio de pintura o electrodom\u00e9stico ya que, dentro de nuestros servicios al propietario est\u00e1 incluido.<\/span><\/li><li><b><\/b> <span style=\"font-weight: 400;\">Arreglamos las habitaciones escogiendo un perfil maduro y manteniendo una est\u00e9tica profesional para que haya buen comportamiento y convivencia entre los estudiantes y el vecindario, utilizando normas de la casa y convivencia que han funcionado muy bien desde que est\u00e1 en marcha el proyecto.<\/span><\/li><li><span style=\"font-weight: 400;\">Tenemos un servicio de limpieza con el cual, su vivienda permanecer\u00e1 limpia e impecable cuidando todos los detalles para que no se deteriore su piso y d\u00e1ndole un aspecto nuevo y limpio.<\/span><\/li><li><b><\/b> <span style=\"font-weight: 400;\">Acondicionamos de una forma y est\u00e9tica moderna d\u00e1ndole una valoraci\u00f3n m\u00e1s alta para su piso.\u00a0<\/span><\/li><li><span style=\"font-weight: 400;\">Tenemos nuestro servicio de mantenimiento donde trabajamos con nuestros seguros y personal de la empresa para atender tanto peque\u00f1os da\u00f1os como un cambio de una bombilla a m\u00e1s grandes como el arreglo de una lavadora, cualquier molestia que suele pedir el inquilino, nosotros lo hacemos por usted, quit\u00e1ndole esa preocupaci\u00f3n y tiempo que conllevan estas cosas.<\/span><\/li><li><span style=\"font-weight: 400;\">Para todo esto, debemos de hacer una visita al piso y mirar que nos encaje en el perfil de pisos y ponerlos a rentabilizar. Entonces pondremos en marcha la contrataci\u00f3n de su piso, haciendo parte de la comunidad roommates como propietario de vivienda y poniendo una cl\u00e1usula donde nos alquila su piso con la autorizaci\u00f3n de alquiler de habitaciones a estudiantes y j\u00f3venes profesionales, dejando todo claro y organizado.<\/span><\/li><\/ol><\/div>\r\n            <\/div>\r\n\r\n        <\/div>\r\n\r\n        \t\t<\/div>\n\t\t\t\t<\/div>\n\t\t\t\t\t\t<\/div>\n\t\t\t\t\t<\/div>\n\t\t<\/div>\n\t\t\t\t\t\t\t\t<\/div>\n\t\t\t\t\t<\/div>\n\t\t<\/section>\n\t\t\t\t\t\t<\/div>\n\t\t\t\t\t\t<\/div>\n\t\t\t\t\t<\/div>\n\t\t","protected":false},"excerpt":{"rendered":"<p>CUIDAMOS SU MEJOR ACTIVO Entendemos lo importante que es su vivienda para usted. Por eso trabajamos con profesionalismo para conservar y cuidar su patrimonio. llega un momento en el que es necesario contar con ayuda de profesionales que nos ayuden a optimizar su gesti\u00f3n. Para My Room es muy importante la Trasparencia y claridad en.<\/p>\n","protected":false},"author":9,"featured_media":0,"parent":0,"menu_order":0,"comment_status":"closed","ping_status":"closed","template":"","meta":[],"yoast_head":"<!-- This site is optimized with the Yoast SEO plugin v15.9 - https:\/\/yoast.com\/wordpress\/plugins\/seo\/ -->\n<title>Condiciones del propietario | My Room<\/title>\n<meta name=\"description\" content=\"Agencia de Alquiler de alojamientos en pisos compartidos para Estudiantes y j\u00f3venes profesionales.\" \/>\n<meta name=\"robots\" content=\"index, follow, max-snippet:-1, max-image-preview:large, max-video-preview:-1\" \/>\n<link rel=\"canonical\" href=\"https:\/\/myroommate.es\/es_es\/condiciones-del-propietario\/\" \/>\n<meta property=\"og:locale\" content=\"es_ES\" \/>\n<meta property=\"og:type\" content=\"article\" \/>\n<meta property=\"og:title\" content=\"Condiciones del propietario | My Room\" \/>\n<meta property=\"og:description\" content=\"Agencia de Alquiler de alojamientos en pisos compartidos para Estudiantes y j\u00f3venes profesionales.\" \/>\n<meta property=\"og:url\" content=\"https:\/\/myroommate.es\/es_es\/condiciones-del-propietario\/\" \/>\n<meta property=\"og:site_name\" content=\"My Room\" \/>\n<meta property=\"article:modified_time\" content=\"2021-03-02T16:00:00+00:00\" \/>\n<meta name=\"twitter:card\" content=\"summary_large_image\" \/>\n<meta name=\"twitter:label1\" content=\"Tiempo de lectura\">\n\t<meta name=\"twitter:data1\" content=\"6 minutos\">\n<script type=\"application\/ld+json\" class=\"yoast-schema-graph\">{\"@context\":\"https:\/\/schema.org\",\"@graph\":[{\"@type\":\"Organization\",\"@id\":\"https:\/\/myroommate.es\/#organization\",\"name\":\"My room mate Madrid\",\"url\":\"https:\/\/myroommate.es\/\",\"sameAs\":[],\"logo\":{\"@type\":\"ImageObject\",\"@id\":\"https:\/\/myroommate.es\/#logo\",\"inLanguage\":\"es\",\"url\":\"https:\/\/myroommate.es\/wp-content\/uploads\/2019\/12\/Screen-Shot-2019-12-26-at-08.43.59.png\",\"width\":1520,\"height\":748,\"caption\":\"My room mate Madrid\"},\"image\":{\"@id\":\"https:\/\/myroommate.es\/#logo\"}},{\"@type\":\"WebSite\",\"@id\":\"https:\/\/myroommate.es\/#website\",\"url\":\"https:\/\/myroommate.es\/\",\"name\":\"My Room\",\"description\":\"Agencia Inmobiliaria especializada en alquiler de alojamientos en pisos compartidos para estudiantes y j\\u00f3venes profesionales.\",\"publisher\":{\"@id\":\"https:\/\/myroommate.es\/#organization\"},\"potentialAction\":[{\"@type\":\"SearchAction\",\"target\":\"https:\/\/myroommate.es\/?s={search_term_string}\",\"query-input\":\"required name=search_term_string\"}],\"inLanguage\":\"es\"},{\"@type\":\"WebPage\",\"@id\":\"https:\/\/myroommate.es\/condiciones-del-propietario\/#webpage\",\"url\":\"https:\/\/myroommate.es\/condiciones-del-propietario\/\",\"name\":\"Condiciones del propietario | My Room\",\"isPartOf\":{\"@id\":\"https:\/\/myroommate.es\/#website\"},\"datePublished\":\"2020-02-18T00:34:52+00:00\",\"dateModified\":\"2021-03-02T16:00:00+00:00\",\"description\":\"Agencia de Alquiler de alojamientos en pisos compartidos para Estudiantes y j\\u00f3venes profesionales.\",\"breadcrumb\":{\"@id\":\"https:\/\/myroommate.es\/condiciones-del-propietario\/#breadcrumb\"},\"inLanguage\":\"es\",\"potentialAction\":[{\"@type\":\"ReadAction\",\"target\":[\"https:\/\/myroommate.es\/condiciones-del-propietario\/\"]}]},{\"@type\":\"BreadcrumbList\",\"@id\":\"https:\/\/myroommate.es\/condiciones-del-propietario\/#breadcrumb\",\"itemListElement\":[{\"@type\":\"ListItem\",\"position\":1,\"item\":{\"@type\":\"WebPage\",\"@id\":\"https:\/\/myroommate.es\/es_es\/\",\"url\":\"https:\/\/myroommate.es\/es_es\/\",\"name\":\"Portada\"}},{\"@type\":\"ListItem\",\"position\":2,\"item\":{\"@type\":\"WebPage\",\"@id\":\"https:\/\/myroommate.es\/condiciones-del-propietario\/\",\"url\":\"https:\/\/myroommate.es\/condiciones-del-propietario\/\",\"name\":\"Condiciones del propietario\"}}]}]}<\/script>\n<!-- \/ Yoast SEO plugin. -->","_links":{"self":[{"href":"https:\/\/myroommate.es\/es_es\/wp-json\/wp\/v2\/pages\/3992"}],"collection":[{"href":"https:\/\/myroommate.es\/es_es\/wp-json\/wp\/v2\/pages"}],"about":[{"href":"https:\/\/myroommate.es\/es_es\/wp-json\/wp\/v2\/types\/page"}],"author":[{"embeddable":true,"href":"https:\/\/myroommate.es\/es_es\/wp-json\/wp\/v2\/users\/9"}],"replies":[{"embeddable":true,"href":"https:\/\/myroommate.es\/es_es\/wp-json\/wp\/v2\/comments?post=3992"}],"version-history":[{"count":16,"href":"https:\/\/myroommate.es\/es_es\/wp-json\/wp\/v2\/pages\/3992\/revisions"}],"predecessor-version":[{"id":5421,"href":"https:\/\/myroommate.es\/es_es\/wp-json\/wp\/v2\/pages\/3992\/revisions\/5421"}],"wp:attachment":[{"href":"https:\/\/myroommate.es\/es_es\/wp-json\/wp\/v2\/media?parent=3992"}],"curies":[{"name":"wp","href":"https:\/\/api.w.org\/{rel}","templated":true}]}}