{"id":4312,"date":"2021-01-13T14:19:19","date_gmt":"2021-01-13T13:19:19","guid":{"rendered":"https:\/\/myroommate.es\/?page_id=4312"},"modified":"2021-02-10T16:35:31","modified_gmt":"2021-02-10T15:35:31","slug":"asistencia-en-danos","status":"publish","type":"page","link":"https:\/\/myroommate.es\/es_es\/asistencia-en-danos\/","title":{"rendered":"Asistencia en da\u00f1os"},"content":{"rendered":"\t\t<div data-elementor-type=\"wp-page\" data-elementor-id=\"4312\" class=\"elementor elementor-4312\" data-elementor-settings=\"[]\">\n\t\t\t\t\t\t<div class=\"elementor-inner\">\n\t\t\t\t\t\t\t<div class=\"elementor-section-wrap\">\n\t\t\t\t\t\t\t<section class=\"elementor-section elementor-top-section elementor-element elementor-element-82c2451 elementor-section-stretched elementor-section-boxed elementor-section-height-default elementor-section-height-default\" data-id=\"82c2451\" data-element_type=\"section\" data-settings=\"{&quot;stretch_section&quot;:&quot;section-stretched&quot;}\">\n\t\t\t\t\t\t<div class=\"elementor-container elementor-column-gap-default\">\n\t\t\t\t\t\t\t<div class=\"elementor-row\">\n\t\t\t\t\t<div class=\"elementor-column elementor-col-100 elementor-top-column elementor-element elementor-element-8ec2961\" data-id=\"8ec2961\" data-element_type=\"column\">\n\t\t\t<div class=\"elementor-column-wrap elementor-element-populated\">\n\t\t\t\t\t\t\t<div class=\"elementor-widget-wrap\">\n\t\t\t\t\t\t<div class=\"elementor-element elementor-element-0cb46e0 elementor-widget__width-inherit elementor-widget elementor-widget-image\" data-id=\"0cb46e0\" data-element_type=\"widget\" data-widget_type=\"image.default\">\n\t\t\t\t<div class=\"elementor-widget-container\">\n\t\t\t\t\t<div class=\"elementor-image\">\n\t\t\t\t\t\t\t\t\t\t<img width=\"1680\" height=\"700\" src=\"https:\/\/myroommate.es\/wp-content\/uploads\/2021\/01\/mantenimiento-My-Room.jpg\" class=\"attachment-full size-full\" alt=\"\" loading=\"lazy\" srcset=\"https:\/\/myroommate.es\/wp-content\/uploads\/2021\/01\/mantenimiento-My-Room.jpg 1680w, https:\/\/myroommate.es\/wp-content\/uploads\/2021\/01\/mantenimiento-My-Room-800x333.jpg 800w, https:\/\/myroommate.es\/wp-content\/uploads\/2021\/01\/mantenimiento-My-Room-300x125.jpg 300w, https:\/\/myroommate.es\/wp-content\/uploads\/2021\/01\/mantenimiento-My-Room-1024x427.jpg 1024w, https:\/\/myroommate.es\/wp-content\/uploads\/2021\/01\/mantenimiento-My-Room-768x320.jpg 768w, https:\/\/myroommate.es\/wp-content\/uploads\/2021\/01\/mantenimiento-My-Room-1536x640.jpg 1536w, https:\/\/myroommate.es\/wp-content\/uploads\/2021\/01\/mantenimiento-My-Room-16x7.jpg 16w, https:\/\/myroommate.es\/wp-content\/uploads\/2021\/01\/mantenimiento-My-Room-340x142.jpg 340w\" sizes=\"(max-width: 1680px) 100vw, 1680px\" \/>\t\t\t\t\t\t\t\t\t\t\t<\/div>\n\t\t\t\t<\/div>\n\t\t\t\t<\/div>\n\t\t\t\t\t\t<\/div>\n\t\t\t\t\t<\/div>\n\t\t<\/div>\n\t\t\t\t\t\t\t\t<\/div>\n\t\t\t\t\t<\/div>\n\t\t<\/section>\n\t\t\t\t<section class=\"elementor-section elementor-top-section elementor-element elementor-element-f9cf459 elementor-section-boxed elementor-section-height-default elementor-section-height-default\" data-id=\"f9cf459\" data-element_type=\"section\">\n\t\t\t\t\t\t<div class=\"elementor-container elementor-column-gap-default\">\n\t\t\t\t\t\t\t<div class=\"elementor-row\">\n\t\t\t\t\t<div class=\"elementor-column elementor-col-100 elementor-top-column elementor-element elementor-element-8483b3e\" data-id=\"8483b3e\" data-element_type=\"column\">\n\t\t\t<div class=\"elementor-column-wrap elementor-element-populated\">\n\t\t\t\t\t\t\t<div class=\"elementor-widget-wrap\">\n\t\t\t\t\t\t<div class=\"elementor-element elementor-element-5e94f24 elementor-widget elementor-widget-heading\" data-id=\"5e94f24\" data-element_type=\"widget\" data-widget_type=\"heading.default\">\n\t\t\t\t<div class=\"elementor-widget-container\">\n\t\t\t<h2 class=\"elementor-heading-title elementor-size-default\"><b>\u00bfNecesitas ayuda en casa por una da\u00f1o o mantenimiento? <\/b><\/h2>\t\t<\/div>\n\t\t\t\t<\/div>\n\t\t\t\t\t\t<\/div>\n\t\t\t\t\t<\/div>\n\t\t<\/div>\n\t\t\t\t\t\t\t\t<\/div>\n\t\t\t\t\t<\/div>\n\t\t<\/section>\n\t\t\t\t<section class=\"elementor-section elementor-top-section elementor-element elementor-element-d04e301 elementor-section-boxed elementor-section-height-default elementor-section-height-default\" data-id=\"d04e301\" data-element_type=\"section\">\n\t\t\t\t\t\t<div class=\"elementor-container elementor-column-gap-default\">\n\t\t\t\t\t\t\t<div class=\"elementor-row\">\n\t\t\t\t\t<div class=\"elementor-column elementor-col-100 elementor-top-column elementor-element elementor-element-4d99a78\" data-id=\"4d99a78\" data-element_type=\"column\">\n\t\t\t<div class=\"elementor-column-wrap elementor-element-populated\">\n\t\t\t\t\t\t\t<div class=\"elementor-widget-wrap\">\n\t\t\t\t\t\t<div class=\"elementor-element elementor-element-12e9891 elementor-widget elementor-widget-text-editor\" data-id=\"12e9891\" data-element_type=\"widget\" data-widget_type=\"text-editor.default\">\n\t\t\t\t<div class=\"elementor-widget-container\">\n\t\t\t\t\t<div class=\"elementor-text-editor elementor-clearfix\"><p>No te preocupes, en My Room estamos siempre dispuestos a ayudarte en lo que necesites. Cu\u00e9ntanos cu\u00e1l es el problema en el siguiente formulario y muy pronto lo solucionaremos.\u00a0<\/p><\/div>\n\t\t\t\t<\/div>\n\t\t\t\t<\/div>\n\t\t\t\t\t\t<\/div>\n\t\t\t\t\t<\/div>\n\t\t<\/div>\n\t\t\t\t\t\t\t\t<\/div>\n\t\t\t\t\t<\/div>\n\t\t<\/section>\n\t\t\t\t<section class=\"elementor-section elementor-top-section elementor-element elementor-element-a8becbe elementor-section-boxed elementor-section-height-default elementor-section-height-default\" data-id=\"a8becbe\" data-element_type=\"section\">\n\t\t\t\t\t\t<div class=\"elementor-container elementor-column-gap-default\">\n\t\t\t\t\t\t\t<div class=\"elementor-row\">\n\t\t\t\t\t<div class=\"elementor-column elementor-col-100 elementor-top-column elementor-element elementor-element-ab2e602\" data-id=\"ab2e602\" data-element_type=\"column\">\n\t\t\t<div class=\"elementor-column-wrap elementor-element-populated\">\n\t\t\t\t\t\t\t<div class=\"elementor-widget-wrap\">\n\t\t\t\t\t\t<div class=\"elementor-element elementor-element-64ccd8c elementor-button-align-stretch elementor-widget elementor-widget-form\" data-id=\"64ccd8c\" data-element_type=\"widget\" data-settings=\"{&quot;button_width&quot;:&quot;50&quot;,&quot;step_next_label&quot;:&quot;Siguiente&quot;,&quot;step_previous_label&quot;:&quot;Anterior&quot;,&quot;step_type&quot;:&quot;number_text&quot;,&quot;step_icon_shape&quot;:&quot;circle&quot;}\" data-widget_type=\"form.default\">\n\t\t\t\t<div class=\"elementor-widget-container\">\n\t\t\t\t\t<form class=\"elementor-form\" method=\"post\" name=\"Formulario soporte\">\n\t\t\t<input type=\"hidden\" name=\"post_id\" value=\"4312\"\/>\n\t\t\t<input type=\"hidden\" name=\"form_id\" value=\"64ccd8c\"\/>\n\n\t\t\t\n\t\t\t<div class=\"elementor-form-fields-wrapper elementor-labels-above\">\n\t\t\t\t\t\t\t\t<div class=\"elementor-field-type-select elementor-field-group elementor-column elementor-field-group-field_9902a73 elementor-col-33 elementor-field-required elementor-mark-required\">\n\t\t\t\t\t<label for=\"form-field-field_9902a73\" class=\"elementor-field-label\">Soy<\/label>\t\t<div class=\"elementor-field elementor-select-wrapper \">\n\t\t\t<select name=\"form_fields[field_9902a73]\" id=\"form-field-field_9902a73\" class=\"elementor-field-textual elementor-size-sm\" required=\"required\" aria-required=\"true\">\n\t\t\t\t<option value=\"Estudiante\">Estudiante<\/option><option value=\"Propietario \">Propietario <\/option><option value=\"\"><\/option>\t\t\t<\/select>\n\t\t<\/div>\n\t\t\t\t\t\t<\/div>\n\t\t\t\t\t\t\t\t<div class=\"elementor-field-type-text elementor-field-group elementor-column elementor-field-group-name elementor-col-66 elementor-field-required elementor-mark-required\">\n\t\t\t\t\t<label for=\"form-field-name\" class=\"elementor-field-label\">Nombre<\/label><input size=\"1\" type=\"text\" name=\"form_fields[name]\" id=\"form-field-name\" class=\"elementor-field elementor-size-sm  elementor-field-textual\" placeholder=\"Tu nombre completo\" required=\"required\" aria-required=\"true\">\t\t\t\t<\/div>\n\t\t\t\t\t\t\t\t<div class=\"elementor-field-type-tel elementor-field-group elementor-column elementor-field-group-field_dd96f8a elementor-col-33 elementor-field-required elementor-mark-required\">\n\t\t\t\t\t<label for=\"form-field-field_dd96f8a\" class=\"elementor-field-label\">Tel\u00e9fono\/WhatsApp<\/label><input size=\"1\" type=\"tel\" name=\"form_fields[field_dd96f8a]\" id=\"form-field-field_dd96f8a\" class=\"elementor-field elementor-size-sm  elementor-field-textual\" placeholder=\"E.J. 0034612345678\" required=\"required\" aria-required=\"true\" pattern=\"[0-9()#&amp;+*-=.]+\" title=\"Only numbers and phone characters (#, -, *, etc) are accepted.\">\t\t\t\t<\/div>\n\t\t\t\t\t\t\t\t<div class=\"elementor-field-type-email elementor-field-group elementor-column elementor-field-group-email elementor-col-66 elementor-field-required elementor-mark-required\">\n\t\t\t\t\t<label for=\"form-field-email\" class=\"elementor-field-label\">Email<\/label><input size=\"1\" type=\"email\" name=\"form_fields[email]\" id=\"form-field-email\" class=\"elementor-field elementor-size-sm  elementor-field-textual\" placeholder=\"Email\" required=\"required\" aria-required=\"true\">\t\t\t\t<\/div>\n\t\t\t\t\t\t\t\t<div class=\"elementor-field-type-checkbox elementor-field-group elementor-column elementor-field-group-field_bf09bec elementor-col-33\">\n\t\t\t\t\t<label for=\"form-field-field_bf09bec\" class=\"elementor-field-label\">Ayuda<\/label><div class=\"elementor-field-subgroup  elementor-subgroup-inline\"><span class=\"elementor-field-option\"><input type=\"checkbox\" value=\"Limpieza\" id=\"form-field-field_bf09bec-0\" name=\"form_fields[field_bf09bec][]\"> <label for=\"form-field-field_bf09bec-0\">Limpieza<\/label><\/span><span class=\"elementor-field-option\"><input type=\"checkbox\" value=\"Fontaner\u00eda\" id=\"form-field-field_bf09bec-1\" name=\"form_fields[field_bf09bec][]\"> <label for=\"form-field-field_bf09bec-1\">Fontaner\u00eda<\/label><\/span><span class=\"elementor-field-option\"><input type=\"checkbox\" value=\"Fallo el\u00e9ctrico\" id=\"form-field-field_bf09bec-2\" name=\"form_fields[field_bf09bec][]\"> <label for=\"form-field-field_bf09bec-2\">Fallo el\u00e9ctrico<\/label><\/span><span class=\"elementor-field-option\"><input type=\"checkbox\" value=\"Da\u00f1os por agua\" id=\"form-field-field_bf09bec-3\" name=\"form_fields[field_bf09bec][]\"> <label for=\"form-field-field_bf09bec-3\">Da\u00f1os por agua<\/label><\/span><span class=\"elementor-field-option\"><input type=\"checkbox\" value=\"Internet\" id=\"form-field-field_bf09bec-4\" name=\"form_fields[field_bf09bec][]\"> <label for=\"form-field-field_bf09bec-4\">Internet<\/label><\/span><span class=\"elementor-field-option\"><input type=\"checkbox\" value=\"Cerrajer\u00eda\" id=\"form-field-field_bf09bec-5\" name=\"form_fields[field_bf09bec][]\"> <label for=\"form-field-field_bf09bec-5\">Cerrajer\u00eda<\/label><\/span><span class=\"elementor-field-option\"><input type=\"checkbox\" value=\"Carpinter\u00eda\" id=\"form-field-field_bf09bec-6\" name=\"form_fields[field_bf09bec][]\"> <label for=\"form-field-field_bf09bec-6\">Carpinter\u00eda<\/label><\/span><span class=\"elementor-field-option\"><input type=\"checkbox\" value=\"Otro\" id=\"form-field-field_bf09bec-7\" name=\"form_fields[field_bf09bec][]\"> <label for=\"form-field-field_bf09bec-7\">Otro<\/label><\/span><\/div>\t\t\t\t<\/div>\n\t\t\t\t\t\t\t\t<div class=\"elementor-field-type-text elementor-field-group elementor-column elementor-field-group-field_d78a718 elementor-col-66\">\n\t\t\t\t\t<label for=\"form-field-field_d78a718\" class=\"elementor-field-label\">D\u00f3nde necesitas soporte<\/label><input size=\"1\" type=\"text\" name=\"form_fields[field_d78a718]\" id=\"form-field-field_d78a718\" class=\"elementor-field elementor-size-sm  elementor-field-textual\" placeholder=\"Direcci\u00f3n piso\">\t\t\t\t<\/div>\n\t\t\t\t\t\t\t\t<div class=\"elementor-field-type-textarea elementor-field-group elementor-column elementor-field-group-message elementor-col-100 elementor-field-required elementor-mark-required\">\n\t\t\t\t\t<label for=\"form-field-message\" class=\"elementor-field-label\">Cu\u00e9ntanos qu\u00e9 est\u00e1 fallando o y si es una urgencia explica detalladamente  lo ocurrido aqu\u00ed:<\/label><textarea class=\"elementor-field-textual elementor-field  elementor-size-sm\" name=\"form_fields[message]\" id=\"form-field-message\" rows=\"4\" placeholder=\"Tu mensaje\" required=\"required\" aria-required=\"true\"><\/textarea>\t\t\t\t<\/div>\n\t\t\t\t\t\t\t\t<div class=\"elementor-field-type-upload elementor-field-group elementor-column elementor-field-group-field_46ba657 elementor-col-100\">\n\t\t\t\t\t<label for=\"form-field-field_46ba657\" class=\"elementor-field-label\">Adjuntar foto<\/label><input type=\"file\" name=\"form_fields[field_46ba657]\" id=\"form-field-field_46ba657\" class=\"elementor-field elementor-size-sm  elementor-upload-field\">\t\t\t\t<\/div>\n\t\t\t\t\t\t\t\t<div class=\"elementor-field-group elementor-column elementor-field-type-submit elementor-col-50 e-form__buttons\">\n\t\t\t\t\t<button type=\"submit\" class=\"elementor-button elementor-size-sm\">\n\t\t\t\t\t\t<span >\n\t\t\t\t\t\t\t\t\t\t\t\t\t\t\t<span class=\" elementor-button-icon\">\n\t\t\t\t\t\t\t\t\t\t\t\t\t\t\t\t\t\t\t\t\t\t\t\t\t\t<\/span>\n\t\t\t\t\t\t\t\t\t\t\t\t\t\t\t\t\t\t\t\t\t\t<span class=\"elementor-button-text\">Enviar<\/span>\n\t\t\t\t\t\t\t\t\t\t\t\t\t<\/span>\n\t\t\t\t\t<\/button>\n\t\t\t\t<\/div>\n\t\t\t<\/div>\n\t\t<\/form>\n\t\t\t\t<\/div>\n\t\t\t\t<\/div>\n\t\t\t\t\t\t<\/div>\n\t\t\t\t\t<\/div>\n\t\t<\/div>\n\t\t\t\t\t\t\t\t<\/div>\n\t\t\t\t\t<\/div>\n\t\t<\/section>\n\t\t\t\t\t\t<\/div>\n\t\t\t\t\t\t<\/div>\n\t\t\t\t\t<\/div>\n\t\t","protected":false},"excerpt":{"rendered":"<p>\u00bfNecesitas ayuda en casa por una da\u00f1o o mantenimiento? No te preocupes, en My Room estamos siempre dispuestos a ayudarte en lo que necesites. Cu\u00e9ntanos cu\u00e1l es el problema en el siguiente formulario y muy pronto lo solucionaremos.\u00a0<\/p>\n","protected":false},"author":9,"featured_media":0,"parent":0,"menu_order":0,"comment_status":"closed","ping_status":"closed","template":"elementor_header_footer","meta":[],"yoast_head":"<!-- This site is optimized with the Yoast SEO plugin v15.9 - https:\/\/yoast.com\/wordpress\/plugins\/seo\/ -->\n<title>Asistencia en da\u00f1os | My Room<\/title>\n<meta name=\"description\" content=\"Agencia de Alquiler de alojamientos en pisos compartidos para Estudiantes y j\u00f3venes profesionales.\" \/>\n<meta name=\"robots\" content=\"index, follow, max-snippet:-1, max-image-preview:large, max-video-preview:-1\" \/>\n<link rel=\"canonical\" href=\"https:\/\/myroommate.es\/es_es\/asistencia-en-danos\/\" \/>\n<meta property=\"og:locale\" content=\"es_ES\" \/>\n<meta property=\"og:type\" content=\"article\" \/>\n<meta property=\"og:title\" content=\"Asistencia en da\u00f1os | My Room\" \/>\n<meta property=\"og:description\" content=\"Agencia de Alquiler de alojamientos en pisos compartidos para Estudiantes y j\u00f3venes profesionales.\" \/>\n<meta property=\"og:url\" content=\"https:\/\/myroommate.es\/es_es\/asistencia-en-danos\/\" \/>\n<meta property=\"og:site_name\" content=\"My Room\" \/>\n<meta property=\"article:modified_time\" content=\"2021-02-10T15:35:31+00:00\" \/>\n<meta property=\"og:image\" content=\"https:\/\/myroommate.es\/wp-content\/uploads\/2021\/01\/mantenimiento-My-Room.jpg\" \/>\n<meta name=\"twitter:card\" content=\"summary_large_image\" \/>\n<meta name=\"twitter:label1\" content=\"Tiempo de lectura\">\n\t<meta name=\"twitter:data1\" content=\"1 minuto\">\n<script type=\"application\/ld+json\" class=\"yoast-schema-graph\">{\"@context\":\"https:\/\/schema.org\",\"@graph\":[{\"@type\":\"Organization\",\"@id\":\"https:\/\/myroommate.es\/#organization\",\"name\":\"My room mate Madrid\",\"url\":\"https:\/\/myroommate.es\/\",\"sameAs\":[],\"logo\":{\"@type\":\"ImageObject\",\"@id\":\"https:\/\/myroommate.es\/#logo\",\"inLanguage\":\"es\",\"url\":\"https:\/\/myroommate.es\/wp-content\/uploads\/2019\/12\/Screen-Shot-2019-12-26-at-08.43.59.png\",\"width\":1520,\"height\":748,\"caption\":\"My room mate Madrid\"},\"image\":{\"@id\":\"https:\/\/myroommate.es\/#logo\"}},{\"@type\":\"WebSite\",\"@id\":\"https:\/\/myroommate.es\/#website\",\"url\":\"https:\/\/myroommate.es\/\",\"name\":\"My Room\",\"description\":\"Agencia Inmobiliaria especializada en alquiler de alojamientos en pisos compartidos para estudiantes y j\\u00f3venes profesionales.\",\"publisher\":{\"@id\":\"https:\/\/myroommate.es\/#organization\"},\"potentialAction\":[{\"@type\":\"SearchAction\",\"target\":\"https:\/\/myroommate.es\/?s={search_term_string}\",\"query-input\":\"required name=search_term_string\"}],\"inLanguage\":\"es\"},{\"@type\":\"ImageObject\",\"@id\":\"https:\/\/myroommate.es\/asistencia-en-danos\/#primaryimage\",\"inLanguage\":\"es\",\"url\":\"https:\/\/myroommate.es\/wp-content\/uploads\/2021\/01\/mantenimiento-My-Room.jpg\",\"width\":1680,\"height\":700},{\"@type\":\"WebPage\",\"@id\":\"https:\/\/myroommate.es\/asistencia-en-danos\/#webpage\",\"url\":\"https:\/\/myroommate.es\/asistencia-en-danos\/\",\"name\":\"Asistencia en da\\u00f1os | My Room\",\"isPartOf\":{\"@id\":\"https:\/\/myroommate.es\/#website\"},\"primaryImageOfPage\":{\"@id\":\"https:\/\/myroommate.es\/asistencia-en-danos\/#primaryimage\"},\"datePublished\":\"2021-01-13T13:19:19+00:00\",\"dateModified\":\"2021-02-10T15:35:31+00:00\",\"description\":\"Agencia de Alquiler de alojamientos en pisos compartidos para Estudiantes y j\\u00f3venes profesionales.\",\"breadcrumb\":{\"@id\":\"https:\/\/myroommate.es\/asistencia-en-danos\/#breadcrumb\"},\"inLanguage\":\"es\",\"potentialAction\":[{\"@type\":\"ReadAction\",\"target\":[\"https:\/\/myroommate.es\/asistencia-en-danos\/\"]}]},{\"@type\":\"BreadcrumbList\",\"@id\":\"https:\/\/myroommate.es\/asistencia-en-danos\/#breadcrumb\",\"itemListElement\":[{\"@type\":\"ListItem\",\"position\":1,\"item\":{\"@type\":\"WebPage\",\"@id\":\"https:\/\/myroommate.es\/es_es\/\",\"url\":\"https:\/\/myroommate.es\/es_es\/\",\"name\":\"Portada\"}},{\"@type\":\"ListItem\",\"position\":2,\"item\":{\"@type\":\"WebPage\",\"@id\":\"https:\/\/myroommate.es\/asistencia-en-danos\/\",\"url\":\"https:\/\/myroommate.es\/asistencia-en-danos\/\",\"name\":\"Asistencia en da\\u00f1os\"}}]}]}<\/script>\n<!-- \/ Yoast SEO plugin. -->","_links":{"self":[{"href":"https:\/\/myroommate.es\/es_es\/wp-json\/wp\/v2\/pages\/4312"}],"collection":[{"href":"https:\/\/myroommate.es\/es_es\/wp-json\/wp\/v2\/pages"}],"about":[{"href":"https:\/\/myroommate.es\/es_es\/wp-json\/wp\/v2\/types\/page"}],"author":[{"embeddable":true,"href":"https:\/\/myroommate.es\/es_es\/wp-json\/wp\/v2\/users\/9"}],"replies":[{"embeddable":true,"href":"https:\/\/myroommate.es\/es_es\/wp-json\/wp\/v2\/comments?post=4312"}],"version-history":[{"count":54,"href":"https:\/\/myroommate.es\/es_es\/wp-json\/wp\/v2\/pages\/4312\/revisions"}],"predecessor-version":[{"id":5020,"href":"https:\/\/myroommate.es\/es_es\/wp-json\/wp\/v2\/pages\/4312\/revisions\/5020"}],"wp:attachment":[{"href":"https:\/\/myroommate.es\/es_es\/wp-json\/wp\/v2\/media?parent=4312"}],"curies":[{"name":"wp","href":"https:\/\/api.w.org\/{rel}","templated":true}]}}