{"id":4868,"date":"2021-01-29T14:31:17","date_gmt":"2021-01-29T13:31:17","guid":{"rendered":"https:\/\/myroommate.es\/?page_id=4868"},"modified":"2021-02-10T13:24:40","modified_gmt":"2021-02-10T12:24:40","slug":"terminos-y-condiciones","status":"publish","type":"page","link":"https:\/\/myroommate.es\/es_es\/terminos-y-condiciones\/","title":{"rendered":"T\u00e9rminos y condiciones"},"content":{"rendered":"\t\t<div data-elementor-type=\"wp-page\" data-elementor-id=\"4868\" class=\"elementor elementor-4868\" data-elementor-settings=\"[]\">\n\t\t\t\t\t\t<div class=\"elementor-inner\">\n\t\t\t\t\t\t\t<div class=\"elementor-section-wrap\">\n\t\t\t\t\t\t\t<section class=\"elementor-section elementor-top-section elementor-element elementor-element-d439280 elementor-section-boxed elementor-section-height-default elementor-section-height-default\" data-id=\"d439280\" data-element_type=\"section\">\n\t\t\t\t\t\t<div class=\"elementor-container elementor-column-gap-default\">\n\t\t\t\t\t\t\t<div class=\"elementor-row\">\n\t\t\t\t\t<div class=\"elementor-column elementor-col-100 elementor-top-column elementor-element elementor-element-819f2f0\" data-id=\"819f2f0\" data-element_type=\"column\">\n\t\t\t<div class=\"elementor-column-wrap elementor-element-populated\">\n\t\t\t\t\t\t\t<div class=\"elementor-widget-wrap\">\n\t\t\t\t\t\t<div class=\"elementor-element elementor-element-97d7a38 bddex-dual-header-content-align-center elementor-widget elementor-widget-bddex-dual-color-header\" data-id=\"97d7a38\" data-element_type=\"widget\" data-widget_type=\"bddex-dual-color-header.default\">\n\t\t\t\t<div class=\"elementor-widget-container\">\n\t\t\t\t\t<div class=\"bddex-dual-header\">\r\n\t\t<h2 class=\"title\"><span class=\"lead\">T\u00c9RMINOS Y<\/span> <span>CONDICIONES<\/span><\/h2>\r\n\t   <span class=\"subtext\"><\/span>\r\n\t   \t<\/div>\r\n\t\r\n\t\r\n\t\r\n\t\r\n\t\t\t<\/div>\n\t\t\t\t<\/div>\n\t\t\t\t\t\t<\/div>\n\t\t\t\t\t<\/div>\n\t\t<\/div>\n\t\t\t\t\t\t\t\t<\/div>\n\t\t\t\t\t<\/div>\n\t\t<\/section>\n\t\t\t\t<section class=\"elementor-section elementor-top-section elementor-element elementor-element-ab6c738 elementor-section-boxed elementor-section-height-default elementor-section-height-default\" data-id=\"ab6c738\" data-element_type=\"section\">\n\t\t\t\t\t\t<div class=\"elementor-container elementor-column-gap-default\">\n\t\t\t\t\t\t\t<div class=\"elementor-row\">\n\t\t\t\t\t<div class=\"elementor-column elementor-col-100 elementor-top-column elementor-element elementor-element-8f6c4fd\" data-id=\"8f6c4fd\" data-element_type=\"column\">\n\t\t\t<div class=\"elementor-column-wrap elementor-element-populated\">\n\t\t\t\t\t\t\t<div class=\"elementor-widget-wrap\">\n\t\t\t\t\t\t<div class=\"elementor-element elementor-element-60caf88 elementor-widget elementor-widget-text-editor\" data-id=\"60caf88\" data-element_type=\"widget\" data-widget_type=\"text-editor.default\">\n\t\t\t\t<div class=\"elementor-widget-container\">\n\t\t\t\t\t<div class=\"elementor-text-editor elementor-clearfix\"><p>Este contrato describe los t\u00e9rminos y condiciones generales aplicables al uso de los contenidos, productos y servicios ofrecidos a trav\u00e9s del sitio <strong>www.myroommate.es<\/strong>, del cual es titular<strong> ROOM HOUSE GROUP ALOJAMIENTO SL.\u00a0<\/strong><\/p><h3><strong>INFORMACI\u00d3N RELEVANTE<\/strong><\/h3><p>Es requisito necesario para la adquisici\u00f3n de los productos que se ofrecen en este sitio, que lea y acepte los siguientes T\u00e9rminos y Condiciones que a continuaci\u00f3n se redactan. El uso de nuestros servicios as\u00ed como la compra de nuestros productos implicar\u00e1 que usted ha le\u00eddo y aceptado los T\u00e9rminos y Condiciones de Uso en el presente documento. Algunos de los productos ofrecidos en nuestro sitio web pudieran ser creados, cobrados, enviados o presentados por una p\u00e1gina web tercera y en tal caso estar\u00edan sujetas a sus propios T\u00e9rminos y Condiciones. En algunos casos, para adquirir un producto, ser\u00e1 necesario el registro por parte del usuario, con ingreso de datos personales fidedignos y definici\u00f3n de una contrase\u00f1a.<\/p><p>El usuario puede elegir y cambiar la clave para su acceso de administraci\u00f3n de la cuenta en cualquier momento, en caso de que se haya registrado y que sea necesario para la compra de alguno de nuestros productos, <strong>My Room<\/strong> no asume la responsabilidad en caso de que entregue dicha clave a terceros.<\/p><p>Todas las compras y transacciones que se lleven a cabo por medio de este sitio web, est\u00e1n sujetas a un proceso de confirmaci\u00f3n y verificaci\u00f3n, el cual podr\u00eda incluir la verificaci\u00f3n del stock y disponibilidad de producto, validaci\u00f3n de la forma de pago, validaci\u00f3n de la factura (en caso de existir) y el cumplimiento de las condiciones requeridas por el medio de pago seleccionado. En algunos casos puede que se requiera una verificaci\u00f3n por medio de correo electr\u00f3nico.<\/p><p>Los precios de los productos ofrecidos en esta Web son v\u00e1lidos solamente en las compras realizadas en este sitio web.<\/p><h3><strong>LICENCIA<\/strong><\/h3><p>ROOM HOUSE GROUP ALOJAMIENTO SL a trav\u00e9s de su sitio web concede permiso para que los usuarios utilicen los productos que son vendidos en este sitio web de acuerdo a los T\u00e9rminos y Condiciones que se describen en este documento.<\/p><h3><strong>PROPIEDAD INTELECTUAL E INDUSTRIAL<\/strong><\/h3><p><span style=\"font-weight: 400;\">Son propiedad de <strong>My Room<\/strong>, todos los derechos de explotaci\u00f3n de propiedad industrial e intelectual de la web y de los Servicios, as\u00ed como de los contenidos que alberga, incluyendo, a t\u00edtulo enunciativo y no limitativo, el propio Sitio Web, textos, fotograf\u00edas o ilustraciones, logos, marcas, grafismos, dise\u00f1os, interfaces. Cualquier uso de la web o sus contenidos deber\u00e1 tener un car\u00e1cter exclusivamente particular.<\/span><\/p><p><span style=\"font-weight: 400;\">Est\u00e1 reservado exclusivamente a<strong> Room House Group Alojamientos S.L<\/strong>, cualquier otro uso que suponga la copia, reproducci\u00f3n, distribuci\u00f3n, transformaci\u00f3n, comunicaci\u00f3n p\u00fablica o cualquier otra acci\u00f3n similar, de todo o parte de los contenidos de la web, por lo que ning\u00fan usuario podr\u00e1 llevar a cabo estas acciones sin la autorizaci\u00f3n previa y por escrito <strong>My Room.<\/strong><\/span><\/p><h3><strong>LEGISLACI\u00d3N Y JURISDICCI\u00d3N APLICABLE<\/strong><\/h3><p><strong>ROOM HOUSE GROUP ALOJAMIENTO SL<\/strong> se reserva la facultad de presentar acciones legales (civiles o penales) que considere necesarias por la utilizaci\u00f3n indebida de este sitio web, sus contenidos, sus productos o servicios, o por el incumplimiento de los presentes T\u00c9RMINOS Y CONDICIONES.\u00a0<\/p><p>En relaci\u00f3n entre el USUARIO y EL TITULAR se regir\u00e1 por la legislaci\u00f3n vigente en Espa\u00f1a y la Uni\u00f3n Europea. De surgir cualquier inconveniente en relaci\u00f3n a la interpretaci\u00f3n de los presentes T\u00c9RMINOS Y CONDICIONES, las partes someter\u00e1n a la jurisdicci\u00f3n pertinente que corresponda conforme a derecho.\u00a0<\/p><\/div>\n\t\t\t\t<\/div>\n\t\t\t\t<\/div>\n\t\t\t\t\t\t<\/div>\n\t\t\t\t\t<\/div>\n\t\t<\/div>\n\t\t\t\t\t\t\t\t<\/div>\n\t\t\t\t\t<\/div>\n\t\t<\/section>\n\t\t\t\t\t\t<\/div>\n\t\t\t\t\t\t<\/div>\n\t\t\t\t\t<\/div>\n\t\t","protected":false},"excerpt":{"rendered":"<p>T\u00c9RMINOS Y CONDICIONES Este contrato describe los t\u00e9rminos y condiciones generales aplicables al uso de los contenidos, productos y servicios ofrecidos a trav\u00e9s del sitio www.myroommate.es, del cual es titular ROOM HOUSE GROUP ALOJAMIENTO SL.\u00a0 INFORMACI\u00d3N RELEVANTE Es requisito necesario para la adquisici\u00f3n de los productos que se ofrecen en este sitio, que lea y.<\/p>\n","protected":false},"author":9,"featured_media":0,"parent":0,"menu_order":0,"comment_status":"closed","ping_status":"closed","template":"","meta":[],"yoast_head":"<!-- This site is optimized with the Yoast SEO plugin v15.9 - https:\/\/yoast.com\/wordpress\/plugins\/seo\/ -->\n<title>T\u00e9rminos y condiciones | My Room<\/title>\n<meta name=\"description\" content=\"Agencia de Alquiler de alojamientos en pisos compartidos para Estudiantes y j\u00f3venes profesionales.\" \/>\n<meta name=\"robots\" content=\"index, follow, max-snippet:-1, max-image-preview:large, max-video-preview:-1\" \/>\n<link rel=\"canonical\" href=\"https:\/\/myroommate.es\/es_es\/terminos-y-condiciones\/\" \/>\n<meta property=\"og:locale\" content=\"es_ES\" \/>\n<meta property=\"og:type\" content=\"article\" \/>\n<meta property=\"og:title\" content=\"T\u00e9rminos y condiciones | My Room\" \/>\n<meta property=\"og:description\" content=\"Agencia de Alquiler de alojamientos en pisos compartidos para Estudiantes y j\u00f3venes profesionales.\" \/>\n<meta property=\"og:url\" content=\"https:\/\/myroommate.es\/es_es\/terminos-y-condiciones\/\" \/>\n<meta property=\"og:site_name\" content=\"My Room\" \/>\n<meta property=\"article:modified_time\" content=\"2021-02-10T12:24:40+00:00\" \/>\n<meta name=\"twitter:card\" content=\"summary_large_image\" \/>\n<meta name=\"twitter:label1\" content=\"Tiempo de lectura\">\n\t<meta name=\"twitter:data1\" content=\"3 minutos\">\n<script type=\"application\/ld+json\" class=\"yoast-schema-graph\">{\"@context\":\"https:\/\/schema.org\",\"@graph\":[{\"@type\":\"Organization\",\"@id\":\"https:\/\/myroommate.es\/#organization\",\"name\":\"My room mate Madrid\",\"url\":\"https:\/\/myroommate.es\/\",\"sameAs\":[],\"logo\":{\"@type\":\"ImageObject\",\"@id\":\"https:\/\/myroommate.es\/#logo\",\"inLanguage\":\"es\",\"url\":\"https:\/\/myroommate.es\/wp-content\/uploads\/2019\/12\/Screen-Shot-2019-12-26-at-08.43.59.png\",\"width\":1520,\"height\":748,\"caption\":\"My room mate Madrid\"},\"image\":{\"@id\":\"https:\/\/myroommate.es\/#logo\"}},{\"@type\":\"WebSite\",\"@id\":\"https:\/\/myroommate.es\/#website\",\"url\":\"https:\/\/myroommate.es\/\",\"name\":\"My Room\",\"description\":\"Agencia Inmobiliaria especializada en alquiler de alojamientos en pisos compartidos para estudiantes y j\\u00f3venes profesionales.\",\"publisher\":{\"@id\":\"https:\/\/myroommate.es\/#organization\"},\"potentialAction\":[{\"@type\":\"SearchAction\",\"target\":\"https:\/\/myroommate.es\/?s={search_term_string}\",\"query-input\":\"required name=search_term_string\"}],\"inLanguage\":\"es\"},{\"@type\":\"WebPage\",\"@id\":\"https:\/\/myroommate.es\/terminos-y-condiciones\/#webpage\",\"url\":\"https:\/\/myroommate.es\/terminos-y-condiciones\/\",\"name\":\"T\\u00e9rminos y condiciones | My Room\",\"isPartOf\":{\"@id\":\"https:\/\/myroommate.es\/#website\"},\"datePublished\":\"2021-01-29T13:31:17+00:00\",\"dateModified\":\"2021-02-10T12:24:40+00:00\",\"description\":\"Agencia de Alquiler de alojamientos en pisos compartidos para Estudiantes y j\\u00f3venes profesionales.\",\"breadcrumb\":{\"@id\":\"https:\/\/myroommate.es\/terminos-y-condiciones\/#breadcrumb\"},\"inLanguage\":\"es\",\"potentialAction\":[{\"@type\":\"ReadAction\",\"target\":[\"https:\/\/myroommate.es\/terminos-y-condiciones\/\"]}]},{\"@type\":\"BreadcrumbList\",\"@id\":\"https:\/\/myroommate.es\/terminos-y-condiciones\/#breadcrumb\",\"itemListElement\":[{\"@type\":\"ListItem\",\"position\":1,\"item\":{\"@type\":\"WebPage\",\"@id\":\"https:\/\/myroommate.es\/es_es\/\",\"url\":\"https:\/\/myroommate.es\/es_es\/\",\"name\":\"Portada\"}},{\"@type\":\"ListItem\",\"position\":2,\"item\":{\"@type\":\"WebPage\",\"@id\":\"https:\/\/myroommate.es\/terminos-y-condiciones\/\",\"url\":\"https:\/\/myroommate.es\/terminos-y-condiciones\/\",\"name\":\"T\\u00e9rminos y condiciones\"}}]}]}<\/script>\n<!-- \/ Yoast SEO plugin. -->","_links":{"self":[{"href":"https:\/\/myroommate.es\/es_es\/wp-json\/wp\/v2\/pages\/4868"}],"collection":[{"href":"https:\/\/myroommate.es\/es_es\/wp-json\/wp\/v2\/pages"}],"about":[{"href":"https:\/\/myroommate.es\/es_es\/wp-json\/wp\/v2\/types\/page"}],"author":[{"embeddable":true,"href":"https:\/\/myroommate.es\/es_es\/wp-json\/wp\/v2\/users\/9"}],"replies":[{"embeddable":true,"href":"https:\/\/myroommate.es\/es_es\/wp-json\/wp\/v2\/comments?post=4868"}],"version-history":[{"count":7,"href":"https:\/\/myroommate.es\/es_es\/wp-json\/wp\/v2\/pages\/4868\/revisions"}],"predecessor-version":[{"id":4989,"href":"https:\/\/myroommate.es\/es_es\/wp-json\/wp\/v2\/pages\/4868\/revisions\/4989"}],"wp:attachment":[{"href":"https:\/\/myroommate.es\/es_es\/wp-json\/wp\/v2\/media?parent=4868"}],"curies":[{"name":"wp","href":"https:\/\/api.w.org\/{rel}","templated":true}]}}