{"id":5436,"date":"2021-04-15T12:57:07","date_gmt":"2021-04-15T10:57:07","guid":{"rendered":"https:\/\/myroommate.es\/?post_type=product&#038;p=5436"},"modified":"2021-09-30T19:41:34","modified_gmt":"2021-09-30T17:41:34","slug":"habitacion-individual-en-alcala-de-henares-380e-mes-josmp64cenh4","status":"publish","type":"product","link":"https:\/\/myroommate.es\/es_es\/rooms\/habitacion-individual-en-alcala-de-henares-380e-mes-josmp64cenh4\/","title":{"rendered":"Habitaci\u00f3n individual en Alcal\u00e1 de Henares (380\u20ac\/mes)  JOSMP64CENH4"},"content":{"rendered":"<p><strong>Habitaci\u00f3n individual en piso compartido en Alcal\u00e1 de Henares zona Espartales 380\u20ac mensuales. INCLUYE GASTOS.<\/strong><br \/>\nAlquiler habitaci\u00f3n individual Alcal\u00e1 de henares zona Espartales.<br \/>\nSe encuentra en la zona de Espartales de Alcal\u00e1 de henares, cerca del Carrefour y el campus universitario de cient\u00edfico-tecnol\u00f3gico y campus Polit\u00e9cnico.<\/p>\n<p>Piso amplio para estudiantes o j\u00f3venes trabajadores. Dormitorio totalmente amueblado. Derecho a todas las zonas comunes, sal\u00f3n con TV, comedor, cocina, 2 ba\u00f1os y calefacci\u00f3n. El piso est\u00e1 completamente equipado, tiene Internet fibra \u00f3ptica a m\u00e1xima velocidad 600 Mb y servicio de limpieza para zonas comunes.<\/p>\n<p>Piso con derecho a piscina comunitaria.<\/p>\n<h4><strong>UBICACI\u00d3N<\/strong><\/h4>\n<p>La habitaci\u00f3n se encuentra en la zona de Espartales, zona tranquila, con supermercados cerca, bazares y tiendas de alimentaci\u00f3n alrededor. Muy cerca de la salida de la A2.<\/p>\n<p><iframe style=\"border: 0;\" src=\"https:\/\/www.google.com\/maps\/embed?pb=!1m18!1m12!1m3!1d3033.471017437475!2d-3.3746754843490456!3d40.50907905794121!2m3!1f0!2f0!3f0!3m2!1i1024!2i768!4f13.1!3m3!1m2!1s0xd424bd72aa6f645%3A0x6f46f0c52de68151!2zQ2FsbGUgSm9zw6kgTWFyw61hIFBlbcOhbiwgNiwgMjg4MDYgQWxjYWzDoSBkZSBIZW5hcmVzLCBNYWRyaWQ!5e0!3m2!1ses!2ses!4v1618484752301!5m2!1ses!2ses\" width=\"100%\" height=\"350\" allowfullscreen=\"allowfullscreen\">\ufeff<\/iframe><b><\/b><br \/>\n<b><\/b><\/p>\n<h4><b>CONDICIONES<\/b><\/h4>\n<p>La reserva de alojamiento es un servicio que ofrece\u00a0<strong>My Room (Room House Group Alojamientos S.L)<\/strong>\u00a0a aquellos Usuarios que quieran reservar una habitaci\u00f3n por adelantado (a estos efectos, en adelante se denominar\u00e1\u00a0<strong>\u201cUsuario de Alojamiento\u201d.<\/strong><\/p>\n<p><strong>\u201cDep\u00f3sito de Reserva\u201d<\/strong>\u00a0se refiere a la cantidad cobrada por la empresa My Room al usuario de alojamiento, fijando el importe de este concepto en un mes de alquiler seg\u00fan la tarifa de la habitaci\u00f3n elegida.<br \/>\n<strong>\u201cComisi\u00f3n de Servicio\u201d<\/strong>\u00a0se refiere a la cantidad aplicada por la empresa My Room al usuario de alojamiento, fijando el importe de este concepto en 40\u20ac por reserva y habitaci\u00f3n.<br \/>\n<strong>\u201cPenalizaci\u00f3n por Cancelaci\u00f3n\u201d<\/strong> se refiere a la cantidad aplicada por la empresa My Room aplicada al usuario de alojamiento el cual se comprometen a pagar el importe fijado de este concepto, detallado seg\u00fan proceda el tipo de cancelaci\u00f3n de reserva y siempre que incumpla los t\u00e9rminos y condiciones relacionados en las formas abajo indicadas.<\/p>\n<p>Para mayor informaci\u00f3n puedes leer la <a href=\"https:\/\/myroommate.es\/es_es\/politica-de-cancelacion-de-reservas\/\" target=\"_blank\" rel=\"noopener\">pol\u00edtica de cancelaci\u00f3n<\/a> de reservas.<\/p>\n<p>Y si tienes alguna duda, puedes ponerte en contacto con nosotros en el Whatsapp o en nuestra oficina en la calle Natividad 1.<\/p>\n","protected":false},"excerpt":{"rendered":"<p>&nbsp;<\/p>\n<p>Habitaci\u00f3n individual en piso compartido en Alcal\u00e1 de Henares zona Espartales 380\u20ac mensuales. INCLUYE GASTOS.<\/p>\n","protected":false},"featured_media":5440,"comment_status":"open","ping_status":"closed","template":"","meta":[],"yoast_head":"<!-- This site is optimized with the Yoast SEO plugin v15.9 - https:\/\/yoast.com\/wordpress\/plugins\/seo\/ -->\n<title>Habitaci\u00f3n individual en Alcal\u00e1 de Henares (380\u20ac\/mes) JOSMP64CENH4 | My Room<\/title>\n<meta name=\"description\" content=\"Agencia de Alquiler de alojamientos en pisos compartidos para Estudiantes y j\u00f3venes profesionales. Habitaci\u00f3n individual en Alcal\u00e1 de Henares\" \/>\n<meta name=\"robots\" content=\"index, follow, max-snippet:-1, max-image-preview:large, max-video-preview:-1\" \/>\n<link rel=\"canonical\" href=\"https:\/\/myroommate.es\/es_es\/rooms\/habitacion-individual-en-alcala-de-henares-380e-mes-josmp64cenh4\/\" \/>\n<meta property=\"og:locale\" content=\"es_ES\" \/>\n<meta property=\"og:type\" content=\"article\" \/>\n<meta property=\"og:title\" content=\"Habitaci\u00f3n individual en Alcal\u00e1 de Henares (380\u20ac\/mes) JOSMP64CENH4 | My Room\" \/>\n<meta property=\"og:description\" content=\"Agencia de Alquiler de alojamientos en pisos compartidos para Estudiantes y j\u00f3venes profesionales. Habitaci\u00f3n individual en Alcal\u00e1 de Henares\" \/>\n<meta property=\"og:url\" content=\"https:\/\/myroommate.es\/es_es\/rooms\/habitacion-individual-en-alcala-de-henares-380e-mes-josmp64cenh4\/\" \/>\n<meta property=\"og:site_name\" content=\"My Room\" \/>\n<meta property=\"article:modified_time\" content=\"2021-09-30T17:41:34+00:00\" \/>\n<meta property=\"og:image\" content=\"https:\/\/myroommate.es\/wp-content\/uploads\/2021\/04\/Hab.-4.1.jpg\" \/>\n\t<meta property=\"og:image:width\" content=\"1600\" \/>\n\t<meta property=\"og:image:height\" content=\"900\" \/>\n<meta name=\"twitter:card\" content=\"summary_large_image\" \/>\n<meta name=\"twitter:label1\" content=\"Tiempo de lectura\">\n\t<meta name=\"twitter:data1\" content=\"2 minutos\">\n<script type=\"application\/ld+json\" class=\"yoast-schema-graph\">{\"@context\":\"https:\/\/schema.org\",\"@graph\":[{\"@type\":\"Organization\",\"@id\":\"https:\/\/myroommate.es\/#organization\",\"name\":\"My room mate Madrid\",\"url\":\"https:\/\/myroommate.es\/\",\"sameAs\":[],\"logo\":{\"@type\":\"ImageObject\",\"@id\":\"https:\/\/myroommate.es\/#logo\",\"inLanguage\":\"es\",\"url\":\"https:\/\/myroommate.es\/wp-content\/uploads\/2019\/12\/Screen-Shot-2019-12-26-at-08.43.59.png\",\"width\":1520,\"height\":748,\"caption\":\"My room mate Madrid\"},\"image\":{\"@id\":\"https:\/\/myroommate.es\/#logo\"}},{\"@type\":\"WebSite\",\"@id\":\"https:\/\/myroommate.es\/#website\",\"url\":\"https:\/\/myroommate.es\/\",\"name\":\"My Room\",\"description\":\"Agencia Inmobiliaria especializada en alquiler de alojamientos en pisos compartidos para estudiantes y j\\u00f3venes profesionales.\",\"publisher\":{\"@id\":\"https:\/\/myroommate.es\/#organization\"},\"potentialAction\":[{\"@type\":\"SearchAction\",\"target\":\"https:\/\/myroommate.es\/?s={search_term_string}\",\"query-input\":\"required name=search_term_string\"}],\"inLanguage\":\"es\"},{\"@type\":\"ImageObject\",\"@id\":\"https:\/\/myroommate.es\/rooms\/habitacion-individual-en-alcala-de-henares-380e-mes-josmp64cenh4\/#primaryimage\",\"inLanguage\":\"es\",\"url\":\"https:\/\/myroommate.es\/wp-content\/uploads\/2021\/04\/Hab.-4.1.jpg\",\"width\":1600,\"height\":900},{\"@type\":\"WebPage\",\"@id\":\"https:\/\/myroommate.es\/rooms\/habitacion-individual-en-alcala-de-henares-380e-mes-josmp64cenh4\/#webpage\",\"url\":\"https:\/\/myroommate.es\/rooms\/habitacion-individual-en-alcala-de-henares-380e-mes-josmp64cenh4\/\",\"name\":\"Habitaci\\u00f3n individual en Alcal\\u00e1 de Henares (380\\u20ac\/mes) JOSMP64CENH4 | My Room\",\"isPartOf\":{\"@id\":\"https:\/\/myroommate.es\/#website\"},\"primaryImageOfPage\":{\"@id\":\"https:\/\/myroommate.es\/rooms\/habitacion-individual-en-alcala-de-henares-380e-mes-josmp64cenh4\/#primaryimage\"},\"datePublished\":\"2021-04-15T10:57:07+00:00\",\"dateModified\":\"2021-09-30T17:41:34+00:00\",\"description\":\"Agencia de Alquiler de alojamientos en pisos compartidos para Estudiantes y j\\u00f3venes profesionales. Habitaci\\u00f3n individual en Alcal\\u00e1 de Henares\",\"breadcrumb\":{\"@id\":\"https:\/\/myroommate.es\/rooms\/habitacion-individual-en-alcala-de-henares-380e-mes-josmp64cenh4\/#breadcrumb\"},\"inLanguage\":\"es\",\"potentialAction\":[{\"@type\":\"ReadAction\",\"target\":[\"https:\/\/myroommate.es\/rooms\/habitacion-individual-en-alcala-de-henares-380e-mes-josmp64cenh4\/\"]}]},{\"@type\":\"BreadcrumbList\",\"@id\":\"https:\/\/myroommate.es\/rooms\/habitacion-individual-en-alcala-de-henares-380e-mes-josmp64cenh4\/#breadcrumb\",\"itemListElement\":[{\"@type\":\"ListItem\",\"position\":1,\"item\":{\"@type\":\"WebPage\",\"@id\":\"https:\/\/myroommate.es\/es_es\/\",\"url\":\"https:\/\/myroommate.es\/es_es\/\",\"name\":\"Portada\"}},{\"@type\":\"ListItem\",\"position\":2,\"item\":{\"@type\":\"WebPage\",\"@id\":\"https:\/\/myroommate.es\/rooms\/\",\"url\":\"https:\/\/myroommate.es\/rooms\/\",\"name\":\"Rooms\"}},{\"@type\":\"ListItem\",\"position\":3,\"item\":{\"@type\":\"WebPage\",\"@id\":\"https:\/\/myroommate.es\/rooms\/habitacion-individual-en-alcala-de-henares-380e-mes-josmp64cenh4\/\",\"url\":\"https:\/\/myroommate.es\/rooms\/habitacion-individual-en-alcala-de-henares-380e-mes-josmp64cenh4\/\",\"name\":\"Habitaci\\u00f3n individual en Alcal\\u00e1 de Henares (380\\u20ac\/mes) JOSMP64CENH4\"}}]}]}<\/script>\n<!-- \/ Yoast SEO plugin. -->","_links":{"self":[{"href":"https:\/\/myroommate.es\/es_es\/wp-json\/wp\/v2\/product\/5436"}],"collection":[{"href":"https:\/\/myroommate.es\/es_es\/wp-json\/wp\/v2\/product"}],"about":[{"href":"https:\/\/myroommate.es\/es_es\/wp-json\/wp\/v2\/types\/product"}],"replies":[{"embeddable":true,"href":"https:\/\/myroommate.es\/es_es\/wp-json\/wp\/v2\/comments?post=5436"}],"version-history":[{"count":24,"href":"https:\/\/myroommate.es\/es_es\/wp-json\/wp\/v2\/product\/5436\/revisions"}],"predecessor-version":[{"id":5477,"href":"https:\/\/myroommate.es\/es_es\/wp-json\/wp\/v2\/product\/5436\/revisions\/5477"}],"wp:featuredmedia":[{"embeddable":true,"href":"https:\/\/myroommate.es\/es_es\/wp-json\/wp\/v2\/media\/5440"}],"wp:attachment":[{"href":"https:\/\/myroommate.es\/es_es\/wp-json\/wp\/v2\/media?parent=5436"}],"curies":[{"name":"wp","href":"https:\/\/api.w.org\/{rel}","templated":true}]}}